{"id":3255,"date":"2024-11-04T19:35:23","date_gmt":"2024-11-04T16:35:23","guid":{"rendered":"https:\/\/musing-boyd.185-169-55-85.plesk.page\/?page_id=3255"},"modified":"2024-11-04T19:35:24","modified_gmt":"2024-11-04T16:35:24","slug":"it-altyapisi-ana-sayfasi","status":"publish","type":"page","link":"https:\/\/eshbilisim.com\/en\/it-altyapisi-ana-sayfasi\/","title":{"rendered":"IT Altyap\u0131s\u0131 Ana Sayfas\u0131"},"content":{"rendered":"<p>\u0130\u00e7erik buraya gelecek<\/p>","protected":false},"excerpt":{"rendered":"<p>\u0130\u00e7erik buraya gelecek<\/p>","protected":false},"author":1,"featured_media":0,"parent":0,"menu_order":0,"comment_status":"closed","ping_status":"closed","template":"","meta":{"_themeisle_gutenberg_block_has_review":false,"footnotes":""},"class_list":["post-3255","page","type-page","status-publish","hentry"],"_links":{"self":[{"href":"https:\/\/eshbilisim.com\/en\/wp-json\/wp\/v2\/pages\/3255","targetHints":{"allow":["GET"]}}],"collection":[{"href":"https:\/\/eshbilisim.com\/en\/wp-json\/wp\/v2\/pages"}],"about":[{"href":"https:\/\/eshbilisim.com\/en\/wp-json\/wp\/v2\/types\/page"}],"author":[{"embeddable":true,"href":"https:\/\/eshbilisim.com\/en\/wp-json\/wp\/v2\/users\/1"}],"replies":[{"embeddable":true,"href":"https:\/\/eshbilisim.com\/en\/wp-json\/wp\/v2\/comments?post=3255"}],"version-history":[{"count":1,"href":"https:\/\/eshbilisim.com\/en\/wp-json\/wp\/v2\/pages\/3255\/revisions"}],"predecessor-version":[{"id":3256,"href":"https:\/\/eshbilisim.com\/en\/wp-json\/wp\/v2\/pages\/3255\/revisions\/3256"}],"wp:attachment":[{"href":"https:\/\/eshbilisim.com\/en\/wp-json\/wp\/v2\/media?parent=3255"}],"curies":[{"name":"wp","href":"https:\/\/api.w.org\/{rel}","templated":true}]}}