{"id":3458,"date":"2024-11-08T02:57:15","date_gmt":"2024-11-07T23:57:15","guid":{"rendered":"https:\/\/musing-boyd.185-169-55-85.plesk.page\/?page_id=3458"},"modified":"2025-02-06T01:34:07","modified_gmt":"2025-02-05T22:34:07","slug":"iletisim","status":"publish","type":"page","link":"https:\/\/eshbilisim.com\/en\/iletisim\/","title":{"rendered":"Contact"},"content":{"rendered":"<div  class='flex_column av-5xe9b6-5f86066dab8b2d6906eb8f24a73448e2 av_four_fifth  avia-builder-el-0  el_before_av_one_full  avia-builder-el-first  first flex_column_div'     ><p>\n<style type=\"text\/css\" data-created_by=\"avia_inline_auto\" id=\"style-css-av-m37zn9ob-fc4299c0a3002b9d485e7bd1ab028317\">\n#top .av-special-heading.av-m37zn9ob-fc4299c0a3002b9d485e7bd1ab028317{\npadding-bottom:10px;\ncolor:#21bbef;\n}\nbody .av-special-heading.av-m37zn9ob-fc4299c0a3002b9d485e7bd1ab028317 .av-special-heading-tag .heading-char{\nfont-size:25px;\n}\n.av-special-heading.av-m37zn9ob-fc4299c0a3002b9d485e7bd1ab028317 .special-heading-inner-border{\nborder-color:#21bbef;\n}\n.av-special-heading.av-m37zn9ob-fc4299c0a3002b9d485e7bd1ab028317 .av-subheading{\nfont-size:15px;\n}\n<\/style>\n<div  class='av-special-heading av-m37zn9ob-fc4299c0a3002b9d485e7bd1ab028317 av-special-heading-h2 custom-color-heading  avia-builder-el-1  el_before_av_contact  avia-builder-el-first'><h2 class='av-special-heading-tag'  itemprop=\"headline\"  >Consult an Expert<\/h2><div class=\"special-heading-border\"><div class=\"special-heading-inner-border\"><\/div><\/div><\/div><br \/>\n<form action=\"https:\/\/eshbilisim.com\/en\/iletisim\/\" method=\"post\" data-fields-with-error=\"Found errors in the following field(s):\" class=\"avia_ajax_form av-form-labels-visible   avia-builder-el-2  el_after_av_heading  avia-builder-el-last\" data-avia-form-id=\"1\" data-avia-redirect=''  aria-label='Kontakt Formu' data-trp-original-action=\"https:\/\/eshbilisim.com\/en\/iletisim\/\" ><fieldset><p class='first_form  form_element form_element_half' id='element_avia_1_1'><label for=\"avia_1_1\">Ad\u0131n\u0131z <abbr class=\"required\" title=\"required\">*<\/abbr><\/label> <input name=\"avia_1_1\" class=\"text_input is_empty\" type=\"text\" id=\"avia_1_1\" value=\"\" \/><\/p><p class='form_element form_element_half' id='element_avia_2_1'><label for=\"avia_2_1\">Phone Number <abbr class=\"required\" title=\"required\">*<\/abbr><\/label> <input name=\"avia_2_1\" class=\"text_input is_phone\" type=\"text\" id=\"avia_2_1\" value=\"\" \/><\/p><p class='first_form  form_element form_element_half' id='element_avia_3_1'><label for=\"avia_3_1\">Mail Adresiniz <abbr class=\"required\" title=\"required\">*<\/abbr><\/label> <input name=\"avia_3_1\" class=\"text_input is_special_email\" type=\"text\" id=\"avia_3_1\" value=\"\" \/><\/p><p class='form_element form_element_half' id='element_avia_4_1'><label for=\"avia_4_1\">Konu <abbr class=\"required\" title=\"required\">*<\/abbr><\/label> <input name=\"avia_4_1\" class=\"text_input is_empty\" type=\"text\" id=\"avia_4_1\" value=\"\" \/><\/p><p class='first_form  form_element form_fullwidth' id='element_avia_5_1'><label for=\"avia_5_1\" class=\"textare_label hidden textare_label_avia_5_1\">Your Message <abbr class=\"required\" title=\"required\">*<\/abbr><\/label><textarea  name=\"avia_5_1\" class=\"text_area is_empty\" cols=\"40\" rows=\"7\" id=\"avia_5_1\" ><\/textarea><\/p><p class='first_form  form_element form_fullwidth' id='element_avia_6_1'><input  name=\"avia_6_1\" class=\"input_checkbox\" type=\"checkbox\" id=\"avia_6_1\" value=\"true\"\/><label class=\"input_checkbox_label\" for=\"avia_6_1\">Geri arama talep ediyorum<\/label><\/p><p class='first_form  form_element form_fullwidth av-last-visible-form-element' id='element_avia_7_1'><input  name=\"avia_7_1\" class=\"input_checkbox is_empty\" type=\"checkbox\" id=\"avia_7_1\" value=\"true\"\/><label class=\"input_checkbox_label\" for=\"avia_7_1\">Ki\u015fisel verilerimin 6698 Say\u0131l\u0131 Ki\u015fisel Verilerin Korunmas\u0131 Kanunu\u2019na uygun olarak i\u015flenmesini onayl\u0131yorum <abbr class=\"required\" title=\"required\">*<\/abbr><\/label><\/p><p class=\"hidden\"><input type=\"text\" name=\"avia_8_1\" class=\"hidden\" id=\"avia_8_1\" value=\"\" \/><\/p><p class=\"form_element\"><input type=\"hidden\" value=\"1\" name=\"avia_generated_form1\" \/><input type=\"submit\" value=\"Submit\" class=\"button\"  data-sending-label=\"Sending\"\/><\/p><\/fieldset><input type=\"hidden\" name=\"trp-form-language\" value=\"en\"\/><\/form><div id=\"ajaxresponse_1\" class=\"ajaxresponse ajaxresponse_1 hidden\"><\/div><\/p><\/div><div  class='flex_column av-2su9ea-273a3466a4017f2cbf1afbf98e5e6158 av_one_full  avia-builder-el-3  el_after_av_four_fifth  avia-builder-el-last  first flex_column_div'     ><\/div><\/p>","protected":false},"excerpt":{"rendered":"","protected":false},"author":1,"featured_media":0,"parent":0,"menu_order":0,"comment_status":"closed","ping_status":"closed","template":"","meta":{"_themeisle_gutenberg_block_has_review":false,"footnotes":""},"class_list":["post-3458","page","type-page","status-publish","hentry"],"_links":{"self":[{"href":"https:\/\/eshbilisim.com\/en\/wp-json\/wp\/v2\/pages\/3458","targetHints":{"allow":["GET"]}}],"collection":[{"href":"https:\/\/eshbilisim.com\/en\/wp-json\/wp\/v2\/pages"}],"about":[{"href":"https:\/\/eshbilisim.com\/en\/wp-json\/wp\/v2\/types\/page"}],"author":[{"embeddable":true,"href":"https:\/\/eshbilisim.com\/en\/wp-json\/wp\/v2\/users\/1"}],"replies":[{"embeddable":true,"href":"https:\/\/eshbilisim.com\/en\/wp-json\/wp\/v2\/comments?post=3458"}],"version-history":[{"count":23,"href":"https:\/\/eshbilisim.com\/en\/wp-json\/wp\/v2\/pages\/3458\/revisions"}],"predecessor-version":[{"id":3952,"href":"https:\/\/eshbilisim.com\/en\/wp-json\/wp\/v2\/pages\/3458\/revisions\/3952"}],"wp:attachment":[{"href":"https:\/\/eshbilisim.com\/en\/wp-json\/wp\/v2\/media?parent=3458"}],"curies":[{"name":"wp","href":"https:\/\/api.w.org\/{rel}","templated":true}]}}