{"id":3534,"date":"2024-12-17T18:14:55","date_gmt":"2024-12-17T15:14:55","guid":{"rendered":"https:\/\/musing-boyd.185-169-55-85.plesk.page\/?page_id=3534"},"modified":"2024-12-18T06:10:00","modified_gmt":"2024-12-18T03:10:00","slug":"veri-merkezi-hizmetleri-2","status":"publish","type":"page","link":"https:\/\/eshbilisim.com\/en\/veri-merkezi-hizmetleri-2\/","title":{"rendered":"Veri Merkezi Hizmetleri (Tasar\u0131m -2)"},"content":{"rendered":"<section  class='av_textblock_section av-m4rqwgph-3d13497ca4b49224c1fea33edce84c17'   itemscope=\"itemscope\" itemtype=\"https:\/\/schema.org\/CreativeWork\" ><div class='avia_textblock'  itemprop=\"text\" ><p>A reliable data center infrastructure is critical to adapt to the needs of the digital age and gain competitive advantage. Siaflex Data Center Services, which we offer as ESH Bili\u015fim, modernize the IT infrastructures of businesses and provide performance, security and scalability. These services offer integrated solutions that support the business continuity of your business.<\/p>\n<\/div><\/section>\n<div  class='flex_column av-rbno5-defc0f1bca81123df2e487ced34ec045 av_one_fourth  avia-builder-el-1  el_after_av_textblock  el_before_av_one_fourth  first flex_column_div  column-top-margin'     ><article  class='iconbox iconbox_left av-m4rr6b66-19dec8945b573fb7ae3f1c5923c4c137  avia-builder-el-2  avia-builder-el-no-sibling'  itemscope=\"itemscope\" itemtype=\"https:\/\/schema.org\/CreativeWork\" ><div class=\"iconbox_content\"><header class=\"entry-content-header\" aria-label=\"Icon: Kritik Veri Koruma\"><div class=\"iconbox_icon heading-color\" aria-hidden='true' data-av_icon='\ue8b3' data-av_iconfont='entypo-fontello'><\/div><h3 class='iconbox_content_title'  itemprop=\"headline\" >Kritik Veri Koruma<\/h3><\/header><div class='iconbox_content_container'  itemprop=\"text\" ><p>Veri kayb\u0131, i\u015fletmeler i\u00e7in geri d\u00f6n\u00fc\u015f\u00fc olmayan zararlara yol a\u00e7abilir. ESH Bili\u015fim, veri merkezi \u00e7\u00f6z\u00fcmleriyle kritik verilerinizi koruma alt\u0131na al\u0131r.<\/p>\n<\/div><\/div><footer class=\"entry-footer\"><\/footer><\/article><\/div>\n<div  class='flex_column av-5vxbhx-f0e01845b733092be0454465fb418476 av_one_fourth  avia-builder-el-3  el_after_av_one_fourth  el_before_av_one_fourth  flex_column_div  column-top-margin'     ><article  class='iconbox iconbox_left av-m4rr7o83-857aa9df8781261f2f3f6e122fbb2972  avia-builder-el-4  avia-builder-el-no-sibling'  itemscope=\"itemscope\" itemtype=\"https:\/\/schema.org\/CreativeWork\" ><div class=\"iconbox_content\"><header class=\"entry-content-header\" aria-label=\"Icon: Performans ve Verimlilik\"><div class=\"iconbox_icon heading-color\" aria-hidden='true' data-av_icon='\ue8a7' data-av_iconfont='entypo-fontello'><\/div><h3 class='iconbox_content_title'  itemprop=\"headline\" >Performans ve Verimlilik<\/h3><\/header><div class='iconbox_content_container'  itemprop=\"text\" ><p>Veri merkezinizin performans\u0131n\u0131 optimize ederek i\u015f s\u00fcre\u00e7lerinizin h\u0131zlanmas\u0131n\u0131 sa\u011fl\u0131yoruz.<\/p>\n<\/div><\/div><footer class=\"entry-footer\"><\/footer><\/article><\/div>\n<div  class='flex_column av-3it6ut-770ff0afc740fad6ade6f83932b2ff2c av_one_fourth  avia-builder-el-5  el_after_av_one_fourth  el_before_av_one_fourth  flex_column_div  column-top-margin'     ><article  class='iconbox iconbox_left av-m4rr9s8w-fedd7e8593f53a7c36f14b6e2cee738a  avia-builder-el-6  avia-builder-el-no-sibling'  itemscope=\"itemscope\" itemtype=\"https:\/\/schema.org\/CreativeWork\" ><div class=\"iconbox_content\"><header class=\"entry-content-header\" aria-label=\"Icon: Esneklik ve \u00d6l\u00e7eklenebilirlik\"><div class=\"iconbox_icon heading-color\" aria-hidden='true' data-av_icon='\ue891' data-av_iconfont='entypo-fontello'><\/div><h3 class='iconbox_content_title'  itemprop=\"headline\" >Esneklik ve \u00d6l\u00e7eklenebilirlik<\/h3><\/header><div class='iconbox_content_container'  itemprop=\"text\" ><p>\u0130\u015fletmelerin h\u0131zla de\u011fi\u015fen ihtiya\u00e7lar\u0131na uyum sa\u011flamak i\u00e7in esnek \u00e7\u00f6z\u00fcmler sunuyoruz.<\/p>\n<\/div><\/div><footer class=\"entry-footer\"><\/footer><\/article><\/div>\n<div  class='flex_column av-2y9irp-7a6c8a29528fc99c0afbdaab0580ecc4 av_one_fourth  avia-builder-el-7  el_after_av_one_fourth  el_before_av_one_full  flex_column_div  column-top-margin'     ><article  class='iconbox iconbox_left av-m4rranqv-936dec7a47c53a6860dff10a0ebd2df8  avia-builder-el-8  avia-builder-el-no-sibling'  itemscope=\"itemscope\" itemtype=\"https:\/\/schema.org\/CreativeWork\" ><div class=\"iconbox_content\"><header class=\"entry-content-header\" aria-label=\"Icon: 7\/24 \u0130zleme ve Destek\"><div class=\"iconbox_icon heading-color\" aria-hidden='true' data-av_icon='\ue80b' data-av_iconfont='entypo-fontello'><\/div><h3 class='iconbox_content_title'  itemprop=\"headline\" >7\/24 \u0130zleme ve Destek<\/h3><\/header><div class='iconbox_content_container'  itemprop=\"text\" ><p>Veri merkezinizin s\u00fcrekli izlenmesi ve teknik deste\u011fin sa\u011flanmas\u0131, kesintisiz bir i\u015f ak\u0131\u015f\u0131 i\u00e7in gereklidir.<\/p>\n<\/div><\/div><footer class=\"entry-footer\"><\/footer><\/article><\/div>\n<div  class='flex_column av-1zf8ge-120bf97d3a4876dc91fe61c12a35c5d7 av_one_full  avia-builder-el-9  el_after_av_one_fourth  el_before_av_button  first flex_column_div  column-top-margin'     ><style type=\"text\/css\" data-created_by=\"avia_inline_auto\" id=\"style-css-av-m4slyovd-b2d409326af527115856fc62f3b9287c\">\n#top .av_textblock_section.av-m4slyovd-b2d409326af527115856fc62f3b9287c .avia_textblock{\nfont-size:26px;\ntext-align:center;\n}\n<\/style>\n<section  class='av_textblock_section av-m4slyovd-b2d409326af527115856fc62f3b9287c'   itemscope=\"itemscope\" itemtype=\"https:\/\/schema.org\/CreativeWork\" ><div class='avia_textblock'  itemprop=\"text\" ><p>ESH Bili\u015fim\u2019in Siaflex Veri Merkezi Hizmetleri, i\u015fletmenizin veri altyap\u0131s\u0131n\u0131 g\u00fc\u00e7lendirerek i\u015f s\u00fcre\u00e7lerinizi h\u0131zland\u0131r\u0131r ve g\u00fcvenli hale getirir. Modern, esnek ve \u00f6l\u00e7eklenebilir \u00e7\u00f6z\u00fcmlerimizle, i\u015fletmenizin bug\u00fcnk\u00fc ihtiya\u00e7lar\u0131n\u0131 kar\u015f\u0131lamakla kalmaz, gelecekteki b\u00fcy\u00fcmenizi de destekleriz. Veri y\u00f6netimini stratejik bir avantaja d\u00f6n\u00fc\u015ft\u00fcrmek i\u00e7in yan\u0131n\u0131zday\u0131z!<\/p>\n<\/div><\/section><\/div><div  class='avia-button-wrap av-m4sm0gtd-7880a3c742b4eaf13721c0d4b42faf4a-wrap avia-button-center  avia-builder-el-11  el_after_av_one_full  avia-builder-el-last'>\n<style type=\"text\/css\" data-created_by=\"avia_inline_auto\" id=\"style-css-av-m4sm0gtd-7880a3c742b4eaf13721c0d4b42faf4a\">\n#top #wrap_all .avia-button.av-m4sm0gtd-7880a3c742b4eaf13721c0d4b42faf4a{\nfont-size:36px;\ntransition:all 0.4s ease-in-out;\nmargin:20px 20px 20px 20px;\npadding:-15px -15px -15px -15px;\n}\n<\/style>\n<a href='https:\/\/eshbilisim.com\/en\/iletisim\/'  class='avia-button av-m4sm0gtd-7880a3c742b4eaf13721c0d4b42faf4a av-link-btn avia-icon_select-yes-left-icon avia-size-large avia-position-center avia-color-aqua'   aria-label=\"\u0130leti\u015fime Ge\u00e7in\"><span class='avia_button_icon avia_button_icon_left' aria-hidden='true' data-av_icon='\ue805' data-av_iconfont='entypo-fontello'><\/span><span class='avia_iconbox_title' >\u0130leti\u015fime Ge\u00e7in<\/span><\/a><\/div><\/p>","protected":false},"excerpt":{"rendered":"","protected":false},"author":1,"featured_media":0,"parent":0,"menu_order":0,"comment_status":"closed","ping_status":"closed","template":"","meta":{"_themeisle_gutenberg_block_has_review":false,"footnotes":""},"class_list":["post-3534","page","type-page","status-publish","hentry"],"_links":{"self":[{"href":"https:\/\/eshbilisim.com\/en\/wp-json\/wp\/v2\/pages\/3534","targetHints":{"allow":["GET"]}}],"collection":[{"href":"https:\/\/eshbilisim.com\/en\/wp-json\/wp\/v2\/pages"}],"about":[{"href":"https:\/\/eshbilisim.com\/en\/wp-json\/wp\/v2\/types\/page"}],"author":[{"embeddable":true,"href":"https:\/\/eshbilisim.com\/en\/wp-json\/wp\/v2\/users\/1"}],"replies":[{"embeddable":true,"href":"https:\/\/eshbilisim.com\/en\/wp-json\/wp\/v2\/comments?post=3534"}],"version-history":[{"count":13,"href":"https:\/\/eshbilisim.com\/en\/wp-json\/wp\/v2\/pages\/3534\/revisions"}],"predecessor-version":[{"id":3620,"href":"https:\/\/eshbilisim.com\/en\/wp-json\/wp\/v2\/pages\/3534\/revisions\/3620"}],"wp:attachment":[{"href":"https:\/\/eshbilisim.com\/en\/wp-json\/wp\/v2\/media?parent=3534"}],"curies":[{"name":"wp","href":"https:\/\/api.w.org\/{rel}","templated":true}]}}