{"id":3566,"date":"2024-12-18T05:05:30","date_gmt":"2024-12-18T02:05:30","guid":{"rendered":"https:\/\/musing-boyd.185-169-55-85.plesk.page\/?page_id=3566"},"modified":"2025-02-26T18:00:53","modified_gmt":"2025-02-26T15:00:53","slug":"network-cozumleri-ve-entegre-hizmetler","status":"publish","type":"page","link":"https:\/\/eshbilisim.com\/en\/network-cozumleri-ve-entegre-hizmetler\/","title":{"rendered":"Network Solutions and Integrated Services"},"content":{"rendered":"<style type=\"text\/css\" data-created_by=\"avia_inline_auto\" id=\"style-css-av-2x3xvy-98c9bbe155e7955b9f32b80e842f47fb\">\n.avia-section.av-2x3xvy-98c9bbe155e7955b9f32b80e842f47fb{\nbackground-repeat:no-repeat;\nbackground-image:url(https:\/\/eshbilisim.com\/wp-content\/uploads\/2025\/02\/Network-Cozumleri-ve-Entegre-Hizmetler-1.png);\nbackground-position:50% 50%;\nbackground-attachment:scroll;\n}\n.avia-section.av-2x3xvy-98c9bbe155e7955b9f32b80e842f47fb .av-section-color-overlay{\nopacity:0.7;\nbackground-color:#000000;\n}\n<\/style>\n<div id='av_section_1'  class='avia-section av-2x3xvy-98c9bbe155e7955b9f32b80e842f47fb main_color avia-section-huge avia-no-border-styling  avia-builder-el-0  el_before_av_section  avia-builder-el-first  avia-full-stretch avia-bg-style-scroll av-section-color-overlay-active av-minimum-height av-minimum-height-25 av-height-25  container_wrap sidebar_right'  data-section-bg-repeat='stretch' data-av_minimum_height_pc='25' data-av_min_height_opt='25'><div class=\"av-section-color-overlay-wrap\"><div class=\"av-section-color-overlay\"><\/div><div class='container av-section-cont-open' ><main  role=\"main\" itemprop=\"mainContentOfPage\"  class='template-page content  av-content-small alpha units'><div class='post-entry post-entry-type-page post-entry-3566'><div class='entry-content-wrapper clearfix'>\n\n<style type=\"text\/css\" data-created_by=\"avia_inline_auto\" id=\"style-css-av-m578wtkc-130fbeb9a49921f63c99653a27bae196\">\n#top .av-special-heading.av-m578wtkc-130fbeb9a49921f63c99653a27bae196{\npadding-bottom:10px;\ncolor:#ffffff;\nfont-size:40px;\n}\nbody .av-special-heading.av-m578wtkc-130fbeb9a49921f63c99653a27bae196 .av-special-heading-tag .heading-char{\nfont-size:25px;\n}\n#top #wrap_all .av-special-heading.av-m578wtkc-130fbeb9a49921f63c99653a27bae196 .av-special-heading-tag{\nfont-size:40px;\n}\n.av-special-heading.av-m578wtkc-130fbeb9a49921f63c99653a27bae196 .special-heading-inner-border{\nborder-color:#ffffff;\n}\n.av-special-heading.av-m578wtkc-130fbeb9a49921f63c99653a27bae196 .av-subheading{\nfont-size:12px;\n}\n\n@media only screen and (min-width: 480px) and (max-width: 767px){ \n#top #wrap_all .av-special-heading.av-m578wtkc-130fbeb9a49921f63c99653a27bae196 .av-special-heading-tag{\nfont-size:0.8em;\n}\n}\n\n@media only screen and (max-width: 479px){ \n#top #wrap_all .av-special-heading.av-m578wtkc-130fbeb9a49921f63c99653a27bae196 .av-special-heading-tag{\nfont-size:0.8em;\n}\n}\n<\/style>\n<div  class='av-special-heading av-m578wtkc-130fbeb9a49921f63c99653a27bae196 av-special-heading-h1 custom-color-heading blockquote modern-quote modern-centered  avia-builder-el-1  avia-builder-el-no-sibling  av-inherit-size'><h1 class='av-special-heading-tag'  itemprop=\"headline\"  >Network Solutions and Integrated Services<\/h1><div class=\"special-heading-border\"><div class=\"special-heading-inner-border\"><\/div><\/div><\/div>\n\n<\/div><\/div><\/main><!-- close content main element --><\/div><\/div><\/div><div id='av_section_2'  class='avia-section av-97uep6-2d07062d17aa50282c11e4c857a60bbf main_color avia-section-large avia-no-border-styling  avia-builder-el-2  el_after_av_section  el_before_av_one_half  avia-bg-style-scroll container_wrap sidebar_right'  ><div class='container av-section-cont-open' ><div class='template-page content  av-content-small alpha units'><div class='post-entry post-entry-type-page post-entry-3566'><div class='entry-content-wrapper clearfix'>\n\n<style type=\"text\/css\" data-created_by=\"avia_inline_auto\" id=\"style-css-av-8pw94i-ed410f09bb755ec8c7343d30122383ab\">\n.flex_column.av-8pw94i-ed410f09bb755ec8c7343d30122383ab{\nborder-radius:0px 0px 0px 0px;\npadding:0px 0px 0px 0px;\n}\n<\/style>\n<div  class='flex_column av-8pw94i-ed410f09bb755ec8c7343d30122383ab av_one_full  avia-builder-el-3  avia-builder-el-no-sibling  first flex_column_div av-zero-column-padding'     ><style type=\"text\/css\" data-created_by=\"avia_inline_auto\" id=\"style-css-av-uujne-1c9901369de0c8eee0928e2290e260e2\">\n#top .av_textblock_section.av-uujne-1c9901369de0c8eee0928e2290e260e2 .avia_textblock{\nfont-size:17px;\n}\n<\/style>\n<section  class='av_textblock_section av-uujne-1c9901369de0c8eee0928e2290e260e2'   itemscope=\"itemscope\" itemtype=\"https:\/\/schema.org\/CreativeWork\" ><div class='avia_textblock'  itemprop=\"text\" ><p>Network Solutions, one of the cornerstones of the digital infrastructure of businesses, ensure that modern business processes continue uninterruptedly. The Network Solutions we offer as ESH Bili\u015fim offer integrated and innovative services specifically designed for the needs of institutions.<\/p>\n<p>While optimizing your business processes with a strong network infrastructure, we also prioritize your data security.<\/p>\n<\/div><\/section><\/div>\n<\/div><\/div><\/div><!-- close content main div --><\/div><\/div><div id='after_section_2'  class='main_color av_default_container_wrap container_wrap sidebar_right'  ><div class='container av-section-cont-open' ><div class='template-page content  av-content-small alpha units'><div class='post-entry post-entry-type-page post-entry-3566'><div class='entry-content-wrapper clearfix'>\n<div  id=\"roundedMe\"  class='flex_column av-eiaswe-d5baec482faf81ba8826bcd01ef63010 av_one_half  avia-builder-el-5  el_after_av_section  el_before_av_one_half  avia-builder-el-first  roundedMe roundedMe first flex_column_div'     aria-label='roundedMe'  ><style type=\"text\/css\" data-created_by=\"avia_inline_auto\" id=\"style-css-av-19cvm6-504ba66cb1125030b2a508697b0ae5f1\">\n.avia-image-container.av-19cvm6-504ba66cb1125030b2a508697b0ae5f1 img.avia_image{\nbox-shadow:none;\n}\n.avia-image-container.av-19cvm6-504ba66cb1125030b2a508697b0ae5f1 .av-image-caption-overlay-center{\ncolor:#ffffff;\n}\n<\/style>\n<div  id=\"roundedMe\"  class='avia-image-container av-19cvm6-504ba66cb1125030b2a508697b0ae5f1 av-styling- avia-align-center  avia-builder-el-6  avia-builder-el-no-sibling  roundedMe roundedMe'   itemprop=\"image\" itemscope=\"itemscope\" itemtype=\"https:\/\/schema.org\/ImageObject\" ><div class=\"avia-image-container-inner\"><div class=\"avia-image-overlay-wrap\"><img decoding=\"async\" fetchpriority=\"high\" class='wp-image-4335 avia-img-lazy-loading-not-4335 avia_image' src=\"https:\/\/eshbilisim.com\/wp-content\/uploads\/2025\/02\/Network-Cozumleri-ve-Entegre-Hizmetler-1.png\" alt='' title='Network Solutions and Integrated Services'  height=\"500\" width=\"845\"  itemprop=\"thumbnailUrl\" srcset=\"https:\/\/eshbilisim.com\/wp-content\/uploads\/2025\/02\/Network-Cozumleri-ve-Entegre-Hizmetler-1.png 845w, https:\/\/eshbilisim.com\/wp-content\/uploads\/2025\/02\/Network-Cozumleri-ve-Entegre-Hizmetler-1-300x178.png 300w, https:\/\/eshbilisim.com\/wp-content\/uploads\/2025\/02\/Network-Cozumleri-ve-Entegre-Hizmetler-1-768x454.png 768w, https:\/\/eshbilisim.com\/wp-content\/uploads\/2025\/02\/Network-Cozumleri-ve-Entegre-Hizmetler-1-705x417.png 705w\" sizes=\"(max-width: 845px) 100vw, 845px\" \/><\/div><\/div><\/div><\/div>\n<div  class='flex_column av-12xtpq-c2746424fc037c7a1234044f2ab13a66 av_one_half  avia-builder-el-7  el_after_av_one_half  el_before_av_one_half  flex_column_div'     ><style type=\"text\/css\" data-created_by=\"avia_inline_auto\" id=\"style-css-av-m70ovl7q-cbd5aff9ba03286168bd3c355b626b14\">\n#top .av_textblock_section.av-m70ovl7q-cbd5aff9ba03286168bd3c355b626b14 .avia_textblock{\nfont-size:17px;\n}\n<\/style>\n<section  class='av_textblock_section av-m70ovl7q-cbd5aff9ba03286168bd3c355b626b14'   itemscope=\"itemscope\" itemtype=\"https:\/\/schema.org\/CreativeWork\" ><div class='avia_textblock'  itemprop=\"text\" ><p>As ESH Bili\u015fim, we support your business with network solutions that meet the needs of the modern age.<\/p>\n<p>With continuous monitoring, performance analysis and security solutions, we strengthen your network infrastructure, increase the efficiency of your business and reduce your operational costs.<\/p>\n<p>Not just a service provider, but a long-term business partner, we build sustainable success together.<\/p>\n<\/div><\/section><\/div>\n<div  class='flex_column av-8y10fi-bf6ef55b00a2926ea9b714bfd3ece9d2 av_one_half  avia-builder-el-9  el_after_av_one_half  el_before_av_one_half  first flex_column_div  column-top-margin'     ><style type=\"text\/css\" data-created_by=\"avia_inline_auto\" id=\"style-css-av-m70ohlsa-ee7e639abfb57a1ead7b0fb0018bd771\">\n#top .av_textblock_section.av-m70ohlsa-ee7e639abfb57a1ead7b0fb0018bd771 .avia_textblock{\nfont-size:17px;\n}\n<\/style>\n<section  class='av_textblock_section av-m70ohlsa-ee7e639abfb57a1ead7b0fb0018bd771'   itemscope=\"itemscope\" itemtype=\"https:\/\/schema.org\/CreativeWork\" ><div class='avia_textblock'  itemprop=\"text\" ><p>In the digital age, a strong and reliable network infrastructure is critical for business continuity. ESH Bili\u015fim offers secure, scalable and performance-oriented solutions that fit the size and needs of your business.<\/p>\n<p>We make your business processes uninterrupted with smart traffic routing, cloud-based security systems and data backup solutions that facilitate network management. Modernize your infrastructure with ESH Bili\u015fim and carry your business into the future.<\/p>\n<\/div><\/section><\/div>\n<div  id=\"roundedMe\"  class='flex_column av-7iy8fy-50acc755b521aa3fdc26053a04d1e0e9 av_one_half  avia-builder-el-11  el_after_av_one_half  el_before_av_one_full  roundedMe roundedMe flex_column_div  column-top-margin'     aria-label='roundedMe'  ><style type=\"text\/css\" data-created_by=\"avia_inline_auto\" id=\"style-css-av-kgyj2-01464f4dd8cabc061171bb62740593d0\">\n.avia-image-container.av-kgyj2-01464f4dd8cabc061171bb62740593d0 img.avia_image{\nbox-shadow:none;\n}\n.avia-image-container.av-kgyj2-01464f4dd8cabc061171bb62740593d0 .av-image-caption-overlay-center{\ncolor:#ffffff;\n}\n<\/style>\n<div  id=\"roundedMe\"  class='avia-image-container av-kgyj2-01464f4dd8cabc061171bb62740593d0 av-styling- avia-align-center  avia-builder-el-12  avia-builder-el-no-sibling  roundedMe roundedMe'   itemprop=\"image\" itemscope=\"itemscope\" itemtype=\"https:\/\/schema.org\/ImageObject\" ><div class=\"avia-image-container-inner\"><div class=\"avia-image-overlay-wrap\"><img decoding=\"async\" fetchpriority=\"high\" class='wp-image-4337 avia-img-lazy-loading-not-4337 avia_image' src=\"https:\/\/eshbilisim.com\/wp-content\/uploads\/2025\/02\/Network-Cozumleri-ve-Entegre-Hizmetler-2.png\" alt='' title='Network \u00c7\u00f6z\u00fcmleri ve Entegre Hizmetler 2'  height=\"500\" width=\"845\"  itemprop=\"thumbnailUrl\" srcset=\"https:\/\/eshbilisim.com\/wp-content\/uploads\/2025\/02\/Network-Cozumleri-ve-Entegre-Hizmetler-2.png 845w, https:\/\/eshbilisim.com\/wp-content\/uploads\/2025\/02\/Network-Cozumleri-ve-Entegre-Hizmetler-2-300x178.png 300w, https:\/\/eshbilisim.com\/wp-content\/uploads\/2025\/02\/Network-Cozumleri-ve-Entegre-Hizmetler-2-768x454.png 768w, https:\/\/eshbilisim.com\/wp-content\/uploads\/2025\/02\/Network-Cozumleri-ve-Entegre-Hizmetler-2-705x417.png 705w\" sizes=\"(max-width: 845px) 100vw, 845px\" \/><\/div><\/div><\/div><\/div>\n<div  class='flex_column av-fw4vy-95162370a762835552e3ebe341c24e86 av_one_full  avia-builder-el-13  el_after_av_one_half  el_before_av_hr  first flex_column_div  column-top-margin'     ><\/div><div  class='hr av-2pivn2-efd6122802eabd8d34510fe1e77e7fd4 hr-default  avia-builder-el-15  el_after_av_one_full  el_before_av_one_full'><span class='hr-inner'><span class=\"hr-inner-style\"><\/span><\/span><\/div><\/p>\n<div  class='flex_column av-4bfpni-9c7e394cfcf87d071fa224e0440f0731 av_one_full  avia-builder-el-16  el_after_av_hr  avia-builder-el-last  first flex_column_div'     ><\/div>","protected":false},"excerpt":{"rendered":"","protected":false},"author":1,"featured_media":0,"parent":0,"menu_order":0,"comment_status":"closed","ping_status":"closed","template":"","meta":{"_themeisle_gutenberg_block_has_review":false,"footnotes":""},"class_list":["post-3566","page","type-page","status-publish","hentry"],"_links":{"self":[{"href":"https:\/\/eshbilisim.com\/en\/wp-json\/wp\/v2\/pages\/3566","targetHints":{"allow":["GET"]}}],"collection":[{"href":"https:\/\/eshbilisim.com\/en\/wp-json\/wp\/v2\/pages"}],"about":[{"href":"https:\/\/eshbilisim.com\/en\/wp-json\/wp\/v2\/types\/page"}],"author":[{"embeddable":true,"href":"https:\/\/eshbilisim.com\/en\/wp-json\/wp\/v2\/users\/1"}],"replies":[{"embeddable":true,"href":"https:\/\/eshbilisim.com\/en\/wp-json\/wp\/v2\/comments?post=3566"}],"version-history":[{"count":31,"href":"https:\/\/eshbilisim.com\/en\/wp-json\/wp\/v2\/pages\/3566\/revisions"}],"predecessor-version":[{"id":4415,"href":"https:\/\/eshbilisim.com\/en\/wp-json\/wp\/v2\/pages\/3566\/revisions\/4415"}],"wp:attachment":[{"href":"https:\/\/eshbilisim.com\/en\/wp-json\/wp\/v2\/media?parent=3566"}],"curies":[{"name":"wp","href":"https:\/\/api.w.org\/{rel}","templated":true}]}}