{"id":3707,"date":"2025-01-06T16:19:52","date_gmt":"2025-01-06T13:19:52","guid":{"rendered":"https:\/\/musing-boyd.185-169-55-85.plesk.page\/?page_id=3707"},"modified":"2025-02-26T18:20:31","modified_gmt":"2025-02-26T15:20:31","slug":"yazilim-gelistirme-ve-modernizasyon","status":"publish","type":"page","link":"https:\/\/eshbilisim.com\/en\/yazilim-gelistirme-ve-modernizasyon\/","title":{"rendered":"Software Development and Modernization"},"content":{"rendered":"<style type=\"text\/css\" data-created_by=\"avia_inline_auto\" id=\"style-css-av-2p4qe8-4626be628bf53f3b32bc9d0c1dbc52ae\">\n.avia-section.av-2p4qe8-4626be628bf53f3b32bc9d0c1dbc52ae{\nbackground-repeat:no-repeat;\nbackground-image:url(https:\/\/eshbilisim.com\/wp-content\/uploads\/2025\/02\/Yazilim-gelistirme.png);\nbackground-position:50% 50%;\nbackground-attachment:scroll;\n}\n.avia-section.av-2p4qe8-4626be628bf53f3b32bc9d0c1dbc52ae .av-section-color-overlay{\nopacity:0.7;\nbackground-color:#000000;\n}\n<\/style>\n<div id='av_section_1'  class='avia-section av-2p4qe8-4626be628bf53f3b32bc9d0c1dbc52ae main_color avia-section-huge avia-no-border-styling  avia-builder-el-0  el_before_av_section  avia-builder-el-first  avia-full-stretch avia-bg-style-scroll av-section-color-overlay-active av-minimum-height av-minimum-height-25 av-height-25  container_wrap sidebar_right'  data-section-bg-repeat='stretch' data-av_minimum_height_pc='25' data-av_min_height_opt='25'><div class=\"av-section-color-overlay-wrap\"><div class=\"av-section-color-overlay\"><\/div><div class='container av-section-cont-open' ><main  role=\"main\" itemprop=\"mainContentOfPage\"  class='template-page content  av-content-small alpha units'><div class='post-entry post-entry-type-page post-entry-3707'><div class='entry-content-wrapper clearfix'>\n\n<style type=\"text\/css\" data-created_by=\"avia_inline_auto\" id=\"style-css-av-m5ir7rk1-5fe4758c8d8a4a44218139042ee1af82\">\n#top .av-special-heading.av-m5ir7rk1-5fe4758c8d8a4a44218139042ee1af82{\npadding-bottom:10px;\ncolor:#ffffff;\nfont-size:40px;\n}\nbody .av-special-heading.av-m5ir7rk1-5fe4758c8d8a4a44218139042ee1af82 .av-special-heading-tag .heading-char{\nfont-size:25px;\n}\n#top #wrap_all .av-special-heading.av-m5ir7rk1-5fe4758c8d8a4a44218139042ee1af82 .av-special-heading-tag{\nfont-size:40px;\n}\n.av-special-heading.av-m5ir7rk1-5fe4758c8d8a4a44218139042ee1af82 .special-heading-inner-border{\nborder-color:#ffffff;\n}\n.av-special-heading.av-m5ir7rk1-5fe4758c8d8a4a44218139042ee1af82 .av-subheading{\nfont-size:12px;\n}\n\n@media only screen and (min-width: 480px) and (max-width: 767px){ \n#top #wrap_all .av-special-heading.av-m5ir7rk1-5fe4758c8d8a4a44218139042ee1af82 .av-special-heading-tag{\nfont-size:0.8em;\n}\n}\n\n@media only screen and (max-width: 479px){ \n#top #wrap_all .av-special-heading.av-m5ir7rk1-5fe4758c8d8a4a44218139042ee1af82 .av-special-heading-tag{\nfont-size:0.8em;\n}\n}\n<\/style>\n<div  class='av-special-heading av-m5ir7rk1-5fe4758c8d8a4a44218139042ee1af82 av-special-heading-h1 custom-color-heading blockquote modern-quote modern-centered  avia-builder-el-1  avia-builder-el-no-sibling  av-inherit-size'><h1 class='av-special-heading-tag'  itemprop=\"headline\"  >Software Development and Modernization<\/h1><div class=\"special-heading-border\"><div class=\"special-heading-inner-border\"><\/div><\/div><\/div>\n\n<\/div><\/div><\/main><!-- close content main element --><\/div><\/div><\/div><div id='av_section_2'  class='avia-section av-97uep6-2d07062d17aa50282c11e4c857a60bbf main_color avia-section-large avia-no-border-styling  avia-builder-el-2  el_after_av_section  el_before_av_one_half  avia-bg-style-scroll container_wrap sidebar_right'  ><div class='container av-section-cont-open' ><div class='template-page content  av-content-small alpha units'><div class='post-entry post-entry-type-page post-entry-3707'><div class='entry-content-wrapper clearfix'>\n\n<style type=\"text\/css\" data-created_by=\"avia_inline_auto\" id=\"style-css-av-8pw94i-ed410f09bb755ec8c7343d30122383ab\">\n.flex_column.av-8pw94i-ed410f09bb755ec8c7343d30122383ab{\nborder-radius:0px 0px 0px 0px;\npadding:0px 0px 0px 0px;\n}\n<\/style>\n<div  class='flex_column av-8pw94i-ed410f09bb755ec8c7343d30122383ab av_one_full  avia-builder-el-3  avia-builder-el-no-sibling  first flex_column_div av-zero-column-padding'     ><style type=\"text\/css\" data-created_by=\"avia_inline_auto\" id=\"style-css-av-uujne-1c9901369de0c8eee0928e2290e260e2\">\n#top .av_textblock_section.av-uujne-1c9901369de0c8eee0928e2290e260e2 .avia_textblock{\nfont-size:17px;\n}\n<\/style>\n<section  class='av_textblock_section av-uujne-1c9901369de0c8eee0928e2290e260e2'   itemscope=\"itemscope\" itemtype=\"https:\/\/schema.org\/CreativeWork\" ><div class='avia_textblock'  itemprop=\"text\" ><p>In order for businesses to remain competitive in the rapidly changing world of technology, their software infrastructure must be modern and open to continuous development. ESH Bili\u015fim offers innovative and scalable solutions that suit the needs of your business with its Software Development and Modernization services.<\/p>\n<p>We optimize your business processes by modernizing your existing software infrastructure and developing custom software projects.<\/p>\n<\/div><\/section><\/div>\n<\/div><\/div><\/div><!-- close content main div --><\/div><\/div><div id='after_section_2'  class='main_color av_default_container_wrap container_wrap sidebar_right'  ><div class='container av-section-cont-open' ><div class='template-page content  av-content-small alpha units'><div class='post-entry post-entry-type-page post-entry-3707'><div class='entry-content-wrapper clearfix'>\n<div  class='flex_column av-hpjwaj-bf3eb3809afdc18de6f15b1282c39557 av_one_half  avia-builder-el-5  el_after_av_section  el_before_av_one_half  avia-builder-el-first  first flex_column_div'     ><style type=\"text\/css\" data-created_by=\"avia_inline_auto\" id=\"style-css-av-gigyyj-9bb7d0cc9c31e78c552eff92e49dc72f\">\n.avia-image-container.av-gigyyj-9bb7d0cc9c31e78c552eff92e49dc72f img.avia_image{\nbox-shadow:none;\n}\n.avia-image-container.av-gigyyj-9bb7d0cc9c31e78c552eff92e49dc72f .av-image-caption-overlay-center{\ncolor:#ffffff;\n}\n<\/style>\n<div  class='avia-image-container av-gigyyj-9bb7d0cc9c31e78c552eff92e49dc72f av-styling- avia-align-center  avia-builder-el-6  avia-builder-el-no-sibling'   itemprop=\"image\" itemscope=\"itemscope\" itemtype=\"https:\/\/schema.org\/ImageObject\" ><div class=\"avia-image-container-inner\"><div class=\"avia-image-overlay-wrap\"><img decoding=\"async\" fetchpriority=\"high\" class='wp-image-4373 avia-img-lazy-loading-not-4373 avia_image' src=\"https:\/\/eshbilisim.com\/wp-content\/uploads\/2025\/02\/Yazilim-gelistirme.png\" alt='' title='Yaz\u0131l\u0131m geli\u015ftirme'  height=\"500\" width=\"845\"  itemprop=\"thumbnailUrl\" srcset=\"https:\/\/eshbilisim.com\/wp-content\/uploads\/2025\/02\/Yazilim-gelistirme.png 845w, https:\/\/eshbilisim.com\/wp-content\/uploads\/2025\/02\/Yazilim-gelistirme-300x178.png 300w, https:\/\/eshbilisim.com\/wp-content\/uploads\/2025\/02\/Yazilim-gelistirme-768x454.png 768w, https:\/\/eshbilisim.com\/wp-content\/uploads\/2025\/02\/Yazilim-gelistirme-705x417.png 705w\" sizes=\"(max-width: 845px) 100vw, 845px\" \/><\/div><\/div><\/div><\/div>\n<div  class='flex_column av-e4l6y3-2129e8f7c3d01e5cb8807386f1ad3487 av_one_half  avia-builder-el-7  el_after_av_one_half  el_before_av_one_half  flex_column_div'     ><style type=\"text\/css\" data-created_by=\"avia_inline_auto\" id=\"style-css-av-m72m9rg6-adc470dbe93626242fd474e65e9cdddb\">\n#top .av_textblock_section.av-m72m9rg6-adc470dbe93626242fd474e65e9cdddb .avia_textblock{\nfont-size:17px;\n}\n<\/style>\n<section  class='av_textblock_section av-m72m9rg6-adc470dbe93626242fd474e65e9cdddb'   itemscope=\"itemscope\" itemtype=\"https:\/\/schema.org\/CreativeWork\" ><div class='avia_textblock'  itemprop=\"text\" ><p>Thanks to the flexible and modular structure of our software solutions, we develop reliable and scalable infrastructures that are fully compatible with your business's existing systems. In order to adapt to the ever-changing world of technology, we not only update your software, but also optimize it to ensure long-term sustainability and high performance.<\/p>\n<\/div><\/section><\/div>\n<div  class='flex_column av-bxzz3f-882ab72d4f516e8a045d240e5443d206 av_one_half  avia-builder-el-9  el_after_av_one_half  el_before_av_one_half  first flex_column_div  column-top-margin'     ><style type=\"text\/css\" data-created_by=\"avia_inline_auto\" id=\"style-css-av-m72m9imb-ae9ca4af9e5cee2c3c6994b23f76d43e\">\n#top .av_textblock_section.av-m72m9imb-ae9ca4af9e5cee2c3c6994b23f76d43e .avia_textblock{\nfont-size:17px;\n}\n<\/style>\n<section  class='av_textblock_section av-m72m9imb-ae9ca4af9e5cee2c3c6994b23f76d43e'   itemscope=\"itemscope\" itemtype=\"https:\/\/schema.org\/CreativeWork\" ><div class='avia_textblock'  itemprop=\"text\" ><p>As ESH Bili\u015fim, we lead the digital transformation of your business with our expertise in software development and modernization. With our innovative solutions, we increase your competitive power by making your software infrastructure suitable for both today's and tomorrow's needs. We are ready to integrate technology into your business processes for sustainable success!<\/p>\n<\/div><\/section><\/div>\n<div  class='flex_column av-aiv9nv-4f75396275bb7b7a307cbd787ae324c2 av_one_half  avia-builder-el-11  el_after_av_one_half  el_before_av_hr  flex_column_div  column-top-margin'     ><style type=\"text\/css\" data-created_by=\"avia_inline_auto\" id=\"style-css-av-8li9or-ef89bb0a19f6e3e0a0b5228cfada06b6\">\n.avia-image-container.av-8li9or-ef89bb0a19f6e3e0a0b5228cfada06b6 img.avia_image{\nbox-shadow:none;\n}\n.avia-image-container.av-8li9or-ef89bb0a19f6e3e0a0b5228cfada06b6 .av-image-caption-overlay-center{\ncolor:#ffffff;\n}\n<\/style>\n<div  class='avia-image-container av-8li9or-ef89bb0a19f6e3e0a0b5228cfada06b6 av-styling- avia-align-center  avia-builder-el-12  avia-builder-el-no-sibling'   itemprop=\"image\" itemscope=\"itemscope\" itemtype=\"https:\/\/schema.org\/ImageObject\" ><div class=\"avia-image-container-inner\"><div class=\"avia-image-overlay-wrap\"><img decoding=\"async\" fetchpriority=\"high\" class='wp-image-4375 avia-img-lazy-loading-not-4375 avia_image' src=\"https:\/\/eshbilisim.com\/wp-content\/uploads\/2025\/02\/Yazilim-gelistirme-kopya.png\" alt='' title='Yaz\u0131l\u0131m geli\u015ftirme kopya'  height=\"500\" width=\"845\"  itemprop=\"thumbnailUrl\" srcset=\"https:\/\/eshbilisim.com\/wp-content\/uploads\/2025\/02\/Yazilim-gelistirme-kopya.png 845w, https:\/\/eshbilisim.com\/wp-content\/uploads\/2025\/02\/Yazilim-gelistirme-kopya-300x178.png 300w, https:\/\/eshbilisim.com\/wp-content\/uploads\/2025\/02\/Yazilim-gelistirme-kopya-768x454.png 768w, https:\/\/eshbilisim.com\/wp-content\/uploads\/2025\/02\/Yazilim-gelistirme-kopya-705x417.png 705w\" sizes=\"(max-width: 845px) 100vw, 845px\" \/><\/div><\/div><\/div><\/div>\n\n<style type=\"text\/css\" data-created_by=\"avia_inline_auto\" id=\"style-css-av-764zm3-a632223f89f42ef64e5dce654a324b04\">\n#top .hr.hr-invisible.av-764zm3-a632223f89f42ef64e5dce654a324b04{\nheight:50px;\n}\n<\/style>\n<div  class='hr av-764zm3-a632223f89f42ef64e5dce654a324b04 hr-invisible  avia-builder-el-13  el_after_av_one_half  el_before_av_codeblock'><span class='hr-inner'><span class=\"hr-inner-style\"><\/span><\/span><\/div>\n\n<div  class='hr av-69i7y3-fa3bfa1afb02d60eee3eaa3b8dd6764d hr-default  avia-builder-el-15  el_after_av_codeblock  el_before_av_one_full'><span class='hr-inner'><span class=\"hr-inner-style\"><\/span><\/span><\/div>\n<div  class='flex_column av-3nst1n-0a151fd91d44e09ed51ab569b1afdf42 av_one_full  avia-builder-el-16  el_after_av_hr  avia-builder-el-last  first flex_column_div'     ><\/div>","protected":false},"excerpt":{"rendered":"","protected":false},"author":1,"featured_media":0,"parent":0,"menu_order":0,"comment_status":"closed","ping_status":"closed","template":"","meta":{"_themeisle_gutenberg_block_has_review":false,"footnotes":""},"class_list":["post-3707","page","type-page","status-publish","hentry"],"_links":{"self":[{"href":"https:\/\/eshbilisim.com\/en\/wp-json\/wp\/v2\/pages\/3707","targetHints":{"allow":["GET"]}}],"collection":[{"href":"https:\/\/eshbilisim.com\/en\/wp-json\/wp\/v2\/pages"}],"about":[{"href":"https:\/\/eshbilisim.com\/en\/wp-json\/wp\/v2\/types\/page"}],"author":[{"embeddable":true,"href":"https:\/\/eshbilisim.com\/en\/wp-json\/wp\/v2\/users\/1"}],"replies":[{"embeddable":true,"href":"https:\/\/eshbilisim.com\/en\/wp-json\/wp\/v2\/comments?post=3707"}],"version-history":[{"count":9,"href":"https:\/\/eshbilisim.com\/en\/wp-json\/wp\/v2\/pages\/3707\/revisions"}],"predecessor-version":[{"id":4428,"href":"https:\/\/eshbilisim.com\/en\/wp-json\/wp\/v2\/pages\/3707\/revisions\/4428"}],"wp:attachment":[{"href":"https:\/\/eshbilisim.com\/en\/wp-json\/wp\/v2\/media?parent=3707"}],"curies":[{"name":"wp","href":"https:\/\/api.w.org\/{rel}","templated":true}]}}