{"id":3715,"date":"2025-01-06T17:43:46","date_gmt":"2025-01-06T14:43:46","guid":{"rendered":"https:\/\/musing-boyd.185-169-55-85.plesk.page\/?page_id=3715"},"modified":"2025-02-26T18:21:08","modified_gmt":"2025-02-26T15:21:08","slug":"danismanlik-ve-destek-cozumleri","status":"publish","type":"page","link":"https:\/\/eshbilisim.com\/en\/danismanlik-ve-destek-cozumleri\/","title":{"rendered":"Consulting and Support Solutions"},"content":{"rendered":"<style type=\"text\/css\" data-created_by=\"avia_inline_auto\" id=\"style-css-av-2p4qe8-6f20133b5b75a7ae1dee2c7e173948db\">\n.avia-section.av-2p4qe8-6f20133b5b75a7ae1dee2c7e173948db{\nbackground-repeat:no-repeat;\nbackground-image:url(https:\/\/eshbilisim.com\/wp-content\/uploads\/2025\/02\/Danismanlik.png);\nbackground-position:50% 50%;\nbackground-attachment:scroll;\n}\n.avia-section.av-2p4qe8-6f20133b5b75a7ae1dee2c7e173948db .av-section-color-overlay{\nopacity:0.7;\nbackground-color:#000000;\n}\n<\/style>\n<div id='av_section_1'  class='avia-section av-2p4qe8-6f20133b5b75a7ae1dee2c7e173948db main_color avia-section-huge avia-no-border-styling  avia-builder-el-0  el_before_av_section  avia-builder-el-first  avia-full-stretch avia-bg-style-scroll av-section-color-overlay-active av-minimum-height av-minimum-height-25 av-height-25  container_wrap sidebar_right'  data-section-bg-repeat='stretch' data-av_minimum_height_pc='25' data-av_min_height_opt='25'><div class=\"av-section-color-overlay-wrap\"><div class=\"av-section-color-overlay\"><\/div><div class='container av-section-cont-open' ><main  role=\"main\" itemprop=\"mainContentOfPage\"  class='template-page content  av-content-small alpha units'><div class='post-entry post-entry-type-page post-entry-3715'><div class='entry-content-wrapper clearfix'>\n\n<style type=\"text\/css\" data-created_by=\"avia_inline_auto\" id=\"style-css-av-m5ir7rk1-b77ea45244e1de888a8794fccaa44853\">\n#top .av-special-heading.av-m5ir7rk1-b77ea45244e1de888a8794fccaa44853{\npadding-bottom:10px;\ncolor:#ffffff;\nfont-size:40px;\n}\nbody .av-special-heading.av-m5ir7rk1-b77ea45244e1de888a8794fccaa44853 .av-special-heading-tag .heading-char{\nfont-size:25px;\n}\n#top #wrap_all .av-special-heading.av-m5ir7rk1-b77ea45244e1de888a8794fccaa44853 .av-special-heading-tag{\nfont-size:40px;\n}\n.av-special-heading.av-m5ir7rk1-b77ea45244e1de888a8794fccaa44853 .special-heading-inner-border{\nborder-color:#ffffff;\n}\n.av-special-heading.av-m5ir7rk1-b77ea45244e1de888a8794fccaa44853 .av-subheading{\nfont-size:12px;\n}\n\n@media only screen and (min-width: 480px) and (max-width: 767px){ \n#top #wrap_all .av-special-heading.av-m5ir7rk1-b77ea45244e1de888a8794fccaa44853 .av-special-heading-tag{\nfont-size:0.8em;\n}\n}\n\n@media only screen and (max-width: 479px){ \n#top #wrap_all .av-special-heading.av-m5ir7rk1-b77ea45244e1de888a8794fccaa44853 .av-special-heading-tag{\nfont-size:0.8em;\n}\n}\n<\/style>\n<div  class='av-special-heading av-m5ir7rk1-b77ea45244e1de888a8794fccaa44853 av-special-heading-h1 custom-color-heading blockquote modern-quote modern-centered  avia-builder-el-1  avia-builder-el-no-sibling  av-inherit-size'><h1 class='av-special-heading-tag'  itemprop=\"headline\"  >Consulting and Support Solutions<\/h1><div class=\"special-heading-border\"><div class=\"special-heading-inner-border\"><\/div><\/div><\/div>\n\n<\/div><\/div><\/main><!-- close content main element --><\/div><\/div><\/div><div id='av_section_2'  class='avia-section av-97uep6-2d07062d17aa50282c11e4c857a60bbf main_color avia-section-large avia-no-border-styling  avia-builder-el-2  el_after_av_section  el_before_av_one_half  avia-bg-style-scroll container_wrap sidebar_right'  ><div class='container av-section-cont-open' ><div class='template-page content  av-content-small alpha units'><div class='post-entry post-entry-type-page post-entry-3715'><div class='entry-content-wrapper clearfix'>\n\n<style type=\"text\/css\" data-created_by=\"avia_inline_auto\" id=\"style-css-av-8pw94i-ed410f09bb755ec8c7343d30122383ab\">\n.flex_column.av-8pw94i-ed410f09bb755ec8c7343d30122383ab{\nborder-radius:0px 0px 0px 0px;\npadding:0px 0px 0px 0px;\n}\n<\/style>\n<div  class='flex_column av-8pw94i-ed410f09bb755ec8c7343d30122383ab av_one_full  avia-builder-el-3  avia-builder-el-no-sibling  first flex_column_div av-zero-column-padding'     ><style type=\"text\/css\" data-created_by=\"avia_inline_auto\" id=\"style-css-av-uujne-1c9901369de0c8eee0928e2290e260e2\">\n#top .av_textblock_section.av-uujne-1c9901369de0c8eee0928e2290e260e2 .avia_textblock{\nfont-size:17px;\n}\n<\/style>\n<section  class='av_textblock_section av-uujne-1c9901369de0c8eee0928e2290e260e2'   itemscope=\"itemscope\" itemtype=\"https:\/\/schema.org\/CreativeWork\" ><div class='avia_textblock'  itemprop=\"text\" ><p>In today's business world, effective planning and management of technology infrastructure is one of the fundamental keys to success for businesses. The Consulting and Support Solutions we offer as ESH Bili\u015fim help you develop your business's IT strategies and increase your operational efficiency.<\/p>\n<p>With these services, we analyze your technology needs accurately and support sustainable growth with customized solutions.<\/p>\n<\/div><\/section><\/div>\n<\/div><\/div><\/div><!-- close content main div --><\/div><\/div><div id='after_section_2'  class='main_color av_default_container_wrap container_wrap sidebar_right'  ><div class='container av-section-cont-open' ><div class='template-page content  av-content-small alpha units'><div class='post-entry post-entry-type-page post-entry-3715'><div class='entry-content-wrapper clearfix'>\n<div  class='flex_column av-i2wv43-1fb8d750282e30bd5f3be18f54cbccf5 av_one_half  avia-builder-el-5  el_after_av_section  el_before_av_one_half  avia-builder-el-first  first flex_column_div'     ><style type=\"text\/css\" data-created_by=\"avia_inline_auto\" id=\"style-css-av-fp0no3-b59ae6400b9edadc4feebe7f5d0fb91a\">\n.avia-image-container.av-fp0no3-b59ae6400b9edadc4feebe7f5d0fb91a img.avia_image{\nbox-shadow:none;\n}\n.avia-image-container.av-fp0no3-b59ae6400b9edadc4feebe7f5d0fb91a .av-image-caption-overlay-center{\ncolor:#ffffff;\n}\n<\/style>\n<div  class='avia-image-container av-fp0no3-b59ae6400b9edadc4feebe7f5d0fb91a av-styling- avia-align-center  avia-builder-el-6  avia-builder-el-no-sibling'   itemprop=\"image\" itemscope=\"itemscope\" itemtype=\"https:\/\/schema.org\/ImageObject\" ><div class=\"avia-image-container-inner\"><div class=\"avia-image-overlay-wrap\"><img decoding=\"async\" fetchpriority=\"high\" class='wp-image-4381 avia-img-lazy-loading-not-4381 avia_image' src=\"https:\/\/eshbilisim.com\/wp-content\/uploads\/2025\/02\/Danismanlik.png\" alt='' title='Dan\u0131\u015fmanl\u0131k'  height=\"500\" width=\"845\"  itemprop=\"thumbnailUrl\" srcset=\"https:\/\/eshbilisim.com\/wp-content\/uploads\/2025\/02\/Danismanlik.png 845w, https:\/\/eshbilisim.com\/wp-content\/uploads\/2025\/02\/Danismanlik-300x178.png 300w, https:\/\/eshbilisim.com\/wp-content\/uploads\/2025\/02\/Danismanlik-768x454.png 768w, https:\/\/eshbilisim.com\/wp-content\/uploads\/2025\/02\/Danismanlik-705x417.png 705w\" sizes=\"(max-width: 845px) 100vw, 845px\" \/><\/div><\/div><\/div><\/div>\n<div  class='flex_column av-el8wgj-aa7092a417174b4d93af22b610c2570c av_one_half  avia-builder-el-7  el_after_av_one_half  el_before_av_one_half  flex_column_div'     ><style type=\"text\/css\" data-created_by=\"avia_inline_auto\" id=\"style-css-av-m72mdkvl-4531597e789842354985ac7cb76e75c4\">\n#top .av_textblock_section.av-m72mdkvl-4531597e789842354985ac7cb76e75c4 .avia_textblock{\nfont-size:17px;\n}\n<\/style>\n<section  class='av_textblock_section av-m72mdkvl-4531597e789842354985ac7cb76e75c4'   itemscope=\"itemscope\" itemtype=\"https:\/\/schema.org\/CreativeWork\" ><div class='avia_textblock'  itemprop=\"text\" ><p>Our consulting and support solutions not only meet your business's current needs, but also provide a scalable structure that will adapt to future growth targets. By continuously analyzing your technology infrastructure, we integrate the latest innovations into your business processes and make your competitive advantage sustainable.<\/p>\n<\/div><\/section><\/div>\n<div  class='flex_column av-197y9f-b17ef3e481f83c9b7d9e7353c5d83af0 av_one_half  avia-builder-el-9  el_after_av_one_half  el_before_av_one_half  first flex_column_div  column-top-margin'     ><style type=\"text\/css\" data-created_by=\"avia_inline_auto\" id=\"style-css-av-m72mdfxy-17f3dcbdb2e240b31a6a91c5ee75a322\">\n#top .av_textblock_section.av-m72mdfxy-17f3dcbdb2e240b31a6a91c5ee75a322 .avia_textblock{\nfont-size:17px;\n}\n<\/style>\n<section  class='av_textblock_section av-m72mdfxy-17f3dcbdb2e240b31a6a91c5ee75a322'   itemscope=\"itemscope\" itemtype=\"https:\/\/schema.org\/CreativeWork\" ><div class='avia_textblock'  itemprop=\"text\" ><p>ESH Bili\u015fim's Consulting and Support Solutions not only find solutions to your problems, but also enable you to turn technology into a strategic advantage. Together with our expert team, we make your business's technology infrastructure strong, reliable and ready for the future. Whether you need short-term support or long-term consultancy, we are ready to work with you!<\/p>\n<\/div><\/section><\/div>\n<div  class='flex_column av-bcdq4j-790e4f0d0283f850479e0775886174ef av_one_half  avia-builder-el-11  el_after_av_one_half  el_before_av_hr  flex_column_div  column-top-margin'     ><style type=\"text\/css\" data-created_by=\"avia_inline_auto\" id=\"style-css-av-8lbes3-b45b51b99e4ae459ae20e22ad0d79bd5\">\n.avia-image-container.av-8lbes3-b45b51b99e4ae459ae20e22ad0d79bd5 img.avia_image{\nbox-shadow:none;\n}\n.avia-image-container.av-8lbes3-b45b51b99e4ae459ae20e22ad0d79bd5 .av-image-caption-overlay-center{\ncolor:#ffffff;\n}\n<\/style>\n<div  class='avia-image-container av-8lbes3-b45b51b99e4ae459ae20e22ad0d79bd5 av-styling- avia-align-center  avia-builder-el-12  avia-builder-el-no-sibling'   itemprop=\"image\" itemscope=\"itemscope\" itemtype=\"https:\/\/schema.org\/ImageObject\" ><div class=\"avia-image-container-inner\"><div class=\"avia-image-overlay-wrap\"><img decoding=\"async\" fetchpriority=\"high\" class='wp-image-4382 avia-img-lazy-loading-not-4382 avia_image' src=\"https:\/\/eshbilisim.com\/wp-content\/uploads\/2025\/02\/Danismanlik-kopya.png\" alt='' title='Dan\u0131\u015fmanl\u0131k kopya'  height=\"500\" width=\"845\"  itemprop=\"thumbnailUrl\" srcset=\"https:\/\/eshbilisim.com\/wp-content\/uploads\/2025\/02\/Danismanlik-kopya.png 845w, https:\/\/eshbilisim.com\/wp-content\/uploads\/2025\/02\/Danismanlik-kopya-300x178.png 300w, https:\/\/eshbilisim.com\/wp-content\/uploads\/2025\/02\/Danismanlik-kopya-768x454.png 768w, https:\/\/eshbilisim.com\/wp-content\/uploads\/2025\/02\/Danismanlik-kopya-705x417.png 705w\" sizes=\"(max-width: 845px) 100vw, 845px\" \/><\/div><\/div><\/div><\/div>\n\n<style type=\"text\/css\" data-created_by=\"avia_inline_auto\" id=\"style-css-av-790xwj-1beb64256cfa9405f81a5f9c8c5f5c5a\">\n#top .hr.hr-invisible.av-790xwj-1beb64256cfa9405f81a5f9c8c5f5c5a{\nheight:50px;\n}\n<\/style>\n<div  class='hr av-790xwj-1beb64256cfa9405f81a5f9c8c5f5c5a hr-invisible  avia-builder-el-13  el_after_av_one_half  el_before_av_codeblock'><span class='hr-inner'><span class=\"hr-inner-style\"><\/span><\/span><\/div>\n\n<div  class='hr av-5gshg3-a977dae60beb6f34bcf33f96cec20143 hr-default  avia-builder-el-15  el_after_av_codeblock  el_before_av_one_full'><span class='hr-inner'><span class=\"hr-inner-style\"><\/span><\/span><\/div>\n<div  class='flex_column av-4p4ooj-eb3cac8c396c1b9a0250d9dc1f570719 av_one_full  avia-builder-el-16  el_after_av_hr  avia-builder-el-last  first flex_column_div'     ><\/div>","protected":false},"excerpt":{"rendered":"","protected":false},"author":1,"featured_media":0,"parent":0,"menu_order":0,"comment_status":"closed","ping_status":"closed","template":"","meta":{"_themeisle_gutenberg_block_has_review":false,"footnotes":""},"class_list":["post-3715","page","type-page","status-publish","hentry"],"_links":{"self":[{"href":"https:\/\/eshbilisim.com\/en\/wp-json\/wp\/v2\/pages\/3715","targetHints":{"allow":["GET"]}}],"collection":[{"href":"https:\/\/eshbilisim.com\/en\/wp-json\/wp\/v2\/pages"}],"about":[{"href":"https:\/\/eshbilisim.com\/en\/wp-json\/wp\/v2\/types\/page"}],"author":[{"embeddable":true,"href":"https:\/\/eshbilisim.com\/en\/wp-json\/wp\/v2\/users\/1"}],"replies":[{"embeddable":true,"href":"https:\/\/eshbilisim.com\/en\/wp-json\/wp\/v2\/comments?post=3715"}],"version-history":[{"count":7,"href":"https:\/\/eshbilisim.com\/en\/wp-json\/wp\/v2\/pages\/3715\/revisions"}],"predecessor-version":[{"id":4430,"href":"https:\/\/eshbilisim.com\/en\/wp-json\/wp\/v2\/pages\/3715\/revisions\/4430"}],"wp:attachment":[{"href":"https:\/\/eshbilisim.com\/en\/wp-json\/wp\/v2\/media?parent=3715"}],"curies":[{"name":"wp","href":"https:\/\/api.w.org\/{rel}","templated":true}]}}