{"id":4075,"date":"2025-02-10T22:30:34","date_gmt":"2025-02-10T19:30:34","guid":{"rendered":"https:\/\/musing-boyd.185-169-55-85.plesk.page\/?page_id=4075"},"modified":"2025-02-11T18:03:16","modified_gmt":"2025-02-11T15:03:16","slug":"ornek-ic-sayfa-tasarimi-1","status":"publish","type":"page","link":"https:\/\/eshbilisim.com\/en\/ornek-ic-sayfa-tasarimi-1\/","title":{"rendered":"\u00d6rnek \u0130\u00e7 Sayfa Tasar\u0131m\u0131 #1"},"content":{"rendered":"<style type=\"text\/css\" data-created_by=\"avia_inline_auto\" id=\"style-css-av-2x3xvy-bec5ecf5f21fc5c856d882b93cad2f9e\">\n.avia-section.av-2x3xvy-bec5ecf5f21fc5c856d882b93cad2f9e{\nbackground-repeat:no-repeat;\nbackground-image:url(https:\/\/eshbilisim.com\/wp-content\/uploads\/2024\/11\/laptop-2620118_1280-300x200.jpg);\nbackground-position:50% 50%;\nbackground-attachment:scroll;\n}\n.avia-section.av-2x3xvy-bec5ecf5f21fc5c856d882b93cad2f9e .av-section-color-overlay{\nopacity:0.7;\nbackground-color:#000000;\n}\n<\/style>\n<div id='av_section_1'  class='avia-section av-2x3xvy-bec5ecf5f21fc5c856d882b93cad2f9e main_color avia-section-huge avia-no-border-styling  avia-builder-el-0  el_before_av_section  avia-builder-el-first  avia-full-stretch avia-bg-style-scroll av-section-color-overlay-active av-minimum-height av-minimum-height-25 av-height-25  container_wrap fullsize'  data-section-bg-repeat='stretch' data-av_minimum_height_pc='25' data-av_min_height_opt='25'><div class=\"av-section-color-overlay-wrap\"><div class=\"av-section-color-overlay\"><\/div><div class='container av-section-cont-open' ><main  role=\"main\" itemprop=\"mainContentOfPage\"  class='template-page content  av-content-full alpha units'><div class='post-entry post-entry-type-page post-entry-4075'><div class='entry-content-wrapper clearfix'>\n\n<style type=\"text\/css\" data-created_by=\"avia_inline_auto\" id=\"style-css-av-m578wtkc-66d1f8a0b81af67e938f01be60f3227b\">\n#top .av-special-heading.av-m578wtkc-66d1f8a0b81af67e938f01be60f3227b{\npadding-bottom:10px;\ncolor:#ffffff;\nfont-size:40px;\n}\nbody .av-special-heading.av-m578wtkc-66d1f8a0b81af67e938f01be60f3227b .av-special-heading-tag .heading-char{\nfont-size:25px;\n}\n#top #wrap_all .av-special-heading.av-m578wtkc-66d1f8a0b81af67e938f01be60f3227b .av-special-heading-tag{\nfont-size:40px;\n}\n.av-special-heading.av-m578wtkc-66d1f8a0b81af67e938f01be60f3227b .special-heading-inner-border{\nborder-color:#ffffff;\n}\n.av-special-heading.av-m578wtkc-66d1f8a0b81af67e938f01be60f3227b .av-subheading{\nfont-size:12px;\n}\n\n@media only screen and (min-width: 480px) and (max-width: 767px){ \n#top #wrap_all .av-special-heading.av-m578wtkc-66d1f8a0b81af67e938f01be60f3227b .av-special-heading-tag{\nfont-size:0.8em;\n}\n}\n\n@media only screen and (max-width: 479px){ \n#top #wrap_all .av-special-heading.av-m578wtkc-66d1f8a0b81af67e938f01be60f3227b .av-special-heading-tag{\nfont-size:0.8em;\n}\n}\n<\/style>\n<div  class='av-special-heading av-m578wtkc-66d1f8a0b81af67e938f01be60f3227b av-special-heading-h1 custom-color-heading blockquote modern-quote modern-centered  avia-builder-el-1  avia-builder-el-no-sibling  av-inherit-size'><h1 class='av-special-heading-tag'  itemprop=\"headline\"  >\u00d6rnek Tasar\u0131m #1<\/h1><div class=\"special-heading-border\"><div class=\"special-heading-inner-border\"><\/div><\/div><\/div>\n\n<\/div><\/div><\/main><!-- close content main element --><\/div><\/div><\/div><div id='av_section_2'  class='avia-section av-97uep6-2d07062d17aa50282c11e4c857a60bbf main_color avia-section-large avia-no-border-styling  avia-builder-el-2  el_after_av_section  el_before_av_one_half  avia-bg-style-scroll container_wrap fullsize'  ><div class='container av-section-cont-open' ><div class='template-page content  av-content-full alpha units'><div class='post-entry post-entry-type-page post-entry-4075'><div class='entry-content-wrapper clearfix'>\n\n<style type=\"text\/css\" data-created_by=\"avia_inline_auto\" id=\"style-css-av-8pw94i-ed410f09bb755ec8c7343d30122383ab\">\n.flex_column.av-8pw94i-ed410f09bb755ec8c7343d30122383ab{\nborder-radius:0px 0px 0px 0px;\npadding:0px 0px 0px 0px;\n}\n<\/style>\n<div  class='flex_column av-8pw94i-ed410f09bb755ec8c7343d30122383ab av_one_full  avia-builder-el-3  avia-builder-el-no-sibling  first flex_column_div av-zero-column-padding'     ><style type=\"text\/css\" data-created_by=\"avia_inline_auto\" id=\"style-css-av-uujne-1c9901369de0c8eee0928e2290e260e2\">\n#top .av_textblock_section.av-uujne-1c9901369de0c8eee0928e2290e260e2 .avia_textblock{\nfont-size:17px;\n}\n<\/style>\n<section  class='av_textblock_section av-uujne-1c9901369de0c8eee0928e2290e260e2'   itemscope=\"itemscope\" itemtype=\"https:\/\/schema.org\/CreativeWork\" ><div class='avia_textblock'  itemprop=\"text\" ><p>Network Solutions, one of the cornerstones of the digital infrastructure of businesses, ensure that modern business processes continue uninterruptedly. The Network Solutions we offer as ESH Bili\u015fim offer integrated and innovative services specifically designed for the needs of institutions.<\/p>\n<p>While optimizing your business processes with a strong network infrastructure, we also prioritize your data security.<\/p>\n<\/div><\/section><\/div>\n<\/div><\/div><\/div><!-- close content main div --><\/div><\/div><div id='after_section_2'  class='main_color av_default_container_wrap container_wrap fullsize'  ><div class='container av-section-cont-open' ><div class='template-page content  av-content-full alpha units'><div class='post-entry post-entry-type-page post-entry-4075'><div class='entry-content-wrapper clearfix'>\n<div  id=\"roundedMe\"  class='flex_column av-m6zgyl98-d62c1a56fbe3e1cedb6bafd199d46ab5 av_one_half  avia-builder-el-5  el_after_av_section  el_before_av_one_half  avia-builder-el-first  roundedMe roundedMe first flex_column_div'     aria-label='roundedMe'  ><style type=\"text\/css\" data-created_by=\"avia_inline_auto\" id=\"style-css-av-m6zgvr7z-79650d0a19d3437c5b2eb7e5b9ecd412\">\n.avia-image-container.av-m6zgvr7z-79650d0a19d3437c5b2eb7e5b9ecd412 img.avia_image{\nbox-shadow:none;\n}\n.avia-image-container.av-m6zgvr7z-79650d0a19d3437c5b2eb7e5b9ecd412 .av-image-caption-overlay-center{\ncolor:#ffffff;\n}\n<\/style>\n<div  id=\"roundedMe\"  class='avia-image-container av-m6zgvr7z-79650d0a19d3437c5b2eb7e5b9ecd412 av-styling- avia-align-center  avia-builder-el-6  avia-builder-el-no-sibling  roundedMe roundedMe'   itemprop=\"image\" itemscope=\"itemscope\" itemtype=\"https:\/\/schema.org\/ImageObject\" ><div class=\"avia-image-container-inner\"><div class=\"avia-image-overlay-wrap\"><img decoding=\"async\" fetchpriority=\"high\" class='wp-image-4093 avia-img-lazy-loading-not-4093 avia_image' src=\"https:\/\/eshbilisim.com\/wp-content\/uploads\/2025\/02\/641320371912ec0da56d9a66_Yazilim-Gelistirme-ve-Modernizasyon-Cozumleri-2-845x500.png\" alt='' title='641320371912ec0da56d9a66_Yaz\u0131l\u0131m-Geli\u015ftirme-ve-Modernizasyon-\u00c7\u00f6z\u00fcmleri-2'  height=\"500\" width=\"845\"  itemprop=\"thumbnailUrl\"  \/><\/div><\/div><\/div><\/div>\n<div  class='flex_column av-6awdsb-1bd2ebc07a4bd55f5d93bb2a7e3dc4d8 av_one_half  avia-builder-el-7  el_after_av_one_half  el_before_av_one_half  roundedMe flex_column_div'     ><style type=\"text\/css\" data-created_by=\"avia_inline_auto\" id=\"style-css-av-m4t93z43-2923fea485fa32dac02ece975d11b7bd\">\n#top .av_textblock_section.av-m4t93z43-2923fea485fa32dac02ece975d11b7bd .avia_textblock{\nfont-size:17px;\n}\n<\/style>\n<section  class='av_textblock_section av-m4t93z43-2923fea485fa32dac02ece975d11b7bd'   itemscope=\"itemscope\" itemtype=\"https:\/\/schema.org\/CreativeWork\" ><div class='avia_textblock'  itemprop=\"text\" ><p>As ESH Bili\u015fim, we support your business with network solutions that meet the needs of the modern age.<\/p>\n<p>With continuous monitoring, performance analysis and security solutions, we strengthen your network infrastructure, increase the efficiency of your business and reduce your operational costs.<\/p>\n<p>Not just a service provider, but a long-term business partner, we build sustainable success together.<\/p>\n<\/div><\/section><\/div>\n<div  class='flex_column av-3hu1uj-1d4e5260a55b1baecda50db8d87727d9 av_one_half  avia-builder-el-9  el_after_av_one_half  el_before_av_one_half  first flex_column_div  column-top-margin'     ><style type=\"text\/css\" data-created_by=\"avia_inline_auto\" id=\"style-css-av-m6zhaq54-796602e04f511dfd64d836ef827e66fc\">\n#top .av_textblock_section.av-m6zhaq54-796602e04f511dfd64d836ef827e66fc .avia_textblock{\nfont-size:17px;\n}\n<\/style>\n<section  class='av_textblock_section av-m6zhaq54-796602e04f511dfd64d836ef827e66fc'   itemscope=\"itemscope\" itemtype=\"https:\/\/schema.org\/CreativeWork\" ><div class='avia_textblock'  itemprop=\"text\" ><p>In the digital age, a strong and reliable network infrastructure is critical for business continuity. ESH Bili\u015fim offers secure, scalable and performance-oriented solutions that fit the size and needs of your business.<\/p>\n<p>We make your business processes uninterrupted with smart traffic routing, cloud-based security systems and data backup solutions that facilitate network management. Modernize your infrastructure with ESH Bili\u015fim and carry your business into the future.<\/p>\n<\/div><\/section><\/div>\n<div  class='flex_column av-1xlvh7-201894825e77f47ea5e8acf9f7604d1e av_one_half  avia-builder-el-11  el_after_av_one_half  el_before_av_hr  flex_column_div  column-top-margin'     ><style type=\"text\/css\" data-created_by=\"avia_inline_auto\" id=\"style-css-av-m6zhagrh-ddcf916dd720049106078dc46156ccf7\">\n.avia-image-container.av-m6zhagrh-ddcf916dd720049106078dc46156ccf7 img.avia_image{\nbox-shadow:none;\n}\n.avia-image-container.av-m6zhagrh-ddcf916dd720049106078dc46156ccf7 .av-image-caption-overlay-center{\ncolor:#ffffff;\n}\n<\/style>\n<div  class='avia-image-container av-m6zhagrh-ddcf916dd720049106078dc46156ccf7 av-styling- avia-align-center  avia-builder-el-12  avia-builder-el-no-sibling'   itemprop=\"image\" itemscope=\"itemscope\" itemtype=\"https:\/\/schema.org\/ImageObject\" ><div class=\"avia-image-container-inner\"><div class=\"avia-image-overlay-wrap\"><img decoding=\"async\" fetchpriority=\"high\" class='wp-image-4106 avia-img-lazy-loading-not-4106 avia_image' src=\"https:\/\/eshbilisim.com\/wp-content\/uploads\/2025\/02\/64131f88d1eab173d415fa78_Network-Cozumleri-2.png\" alt='' title='64131f88d1eab173d415fa78_Network-\u00c7\u00f6z\u00fcmleri-2'  height=\"500\" width=\"1050\"  itemprop=\"thumbnailUrl\" srcset=\"https:\/\/eshbilisim.com\/wp-content\/uploads\/2025\/02\/64131f88d1eab173d415fa78_Network-Cozumleri-2.png 1050w, https:\/\/eshbilisim.com\/wp-content\/uploads\/2025\/02\/64131f88d1eab173d415fa78_Network-Cozumleri-2-300x143.png 300w, https:\/\/eshbilisim.com\/wp-content\/uploads\/2025\/02\/64131f88d1eab173d415fa78_Network-Cozumleri-2-1030x490.png 1030w, https:\/\/eshbilisim.com\/wp-content\/uploads\/2025\/02\/64131f88d1eab173d415fa78_Network-Cozumleri-2-768x366.png 768w, https:\/\/eshbilisim.com\/wp-content\/uploads\/2025\/02\/64131f88d1eab173d415fa78_Network-Cozumleri-2-705x336.png 705w\" sizes=\"(max-width: 1050px) 100vw, 1050px\" \/><\/div><\/div><\/div><\/div>\n<div  class='hr av-2pivn2-efd6122802eabd8d34510fe1e77e7fd4 hr-default  avia-builder-el-13  el_after_av_one_half  el_before_av_codeblock'><span class='hr-inner'><span class=\"hr-inner-style\"><\/span><\/span><\/div>\n\n<div  class='flex_column av-fw4vy-95162370a762835552e3ebe341c24e86 av_one_full  avia-builder-el-15  el_after_av_codeblock  avia-builder-el-last  first flex_column_div'     ><\/div>","protected":false},"excerpt":{"rendered":"","protected":false},"author":1,"featured_media":0,"parent":0,"menu_order":0,"comment_status":"closed","ping_status":"closed","template":"","meta":{"_themeisle_gutenberg_block_has_review":false,"footnotes":""},"class_list":["post-4075","page","type-page","status-publish","hentry"],"_links":{"self":[{"href":"https:\/\/eshbilisim.com\/en\/wp-json\/wp\/v2\/pages\/4075","targetHints":{"allow":["GET"]}}],"collection":[{"href":"https:\/\/eshbilisim.com\/en\/wp-json\/wp\/v2\/pages"}],"about":[{"href":"https:\/\/eshbilisim.com\/en\/wp-json\/wp\/v2\/types\/page"}],"author":[{"embeddable":true,"href":"https:\/\/eshbilisim.com\/en\/wp-json\/wp\/v2\/users\/1"}],"replies":[{"embeddable":true,"href":"https:\/\/eshbilisim.com\/en\/wp-json\/wp\/v2\/comments?post=4075"}],"version-history":[{"count":32,"href":"https:\/\/eshbilisim.com\/en\/wp-json\/wp\/v2\/pages\/4075\/revisions"}],"predecessor-version":[{"id":4153,"href":"https:\/\/eshbilisim.com\/en\/wp-json\/wp\/v2\/pages\/4075\/revisions\/4153"}],"wp:attachment":[{"href":"https:\/\/eshbilisim.com\/en\/wp-json\/wp\/v2\/media?parent=4075"}],"curies":[{"name":"wp","href":"https:\/\/api.w.org\/{rel}","templated":true}]}}