{"id":5928,"date":"2025-12-11T13:38:28","date_gmt":"2025-12-11T10:38:28","guid":{"rendered":"https:\/\/eshbilisim.com\/?page_id=5928"},"modified":"2025-12-11T13:38:59","modified_gmt":"2025-12-11T10:38:59","slug":"bilgi-guvenligi-politikasi","status":"publish","type":"page","link":"https:\/\/eshbilisim.com\/en\/bilgi-guvenligi-politikasi\/","title":{"rendered":"B\u0130LG\u0130 G\u00dcVENL\u0130\u011e\u0130 POL\u0130T\u0130KASI"},"content":{"rendered":"<h2 class=\"wp-block-heading\"><strong>B\u0130LG\u0130 G\u00dcVENL\u0130\u011e\u0130 POL\u0130T\u0130KASI<\/strong><\/h2>\n\n\n\n<p>Firmam\u0131z <strong>\u201c(<\/strong><strong>B\u0130LG\u0130 TEKNOLOJ\u0130LER\u0130 S\u0130STEMLER\u0130N\u0130N SATI\u015eI&nbsp; , B\u0130LG\u0130 TEKNOLOJ\u0130LER\u0130 S\u0130STEMLER\u0130 EK\u0130PMANLARININ PROJELEND\u0130R\u0130LMES\u0130 UYGULANMASI , B\u0130L\u0130\u015e\u0130M S\u0130STEM\u0130 KURULUMU , B\u0130LG\u0130SAYAR YAZILIMLRININ VE B\u0130LG\u0130SAYAR \u00c7EVRE B\u0130R\u0130MLER\u0130 BAKIMI ONARIMI VE TOPTAN T\u0130CARET\u0130<\/strong>. <strong>.)<\/strong><strong>\u201d<\/strong> alan\u0131nda hizmet vermektedir. Firmam\u0131z gizlilik, b\u00fct\u00fcnl\u00fck ve t\u00fcm fiziksel ve elektronik bilgi varl\u0131klar\u0131n\u0131 korumay\u0131 taahh\u00fct etmektedir. Bilgi ve bilgi g\u00fcvenli\u011fi gereksinimleri kurumsal hedeflerimiz ile ayn\u0131 do\u011frultuda olacakt\u0131r. Firmam\u0131z y\u00f6netimi de\u011fi\u015fime a\u00e7\u0131k, iyi e\u011fitim alm\u0131\u015f, konusunda yetkin personel istihdam\u0131 sa\u011flayacak ve sekt\u00f6r i\u00e7erisinde rakiplerimizle rekabeti sa\u011flayacak finansman\u0131 sa\u011flamak, yeterli donan\u0131m ve altyap\u0131y\u0131 bulunduracakt\u0131r. Bu altyap\u0131 ve personel ile birlikte gerekli finansmanda sa\u011flanacakt\u0131r. \u0130\u015f s\u00fcreklili\u011fi ve acil durum planlar\u0131, veri yedekleme prosed\u00fcrleri, vir\u00fcslerden ve bilgisayar korsanlar\u0131ndan sak\u0131nma, eri\u015fim kontrol sistemleri ve bilgi g\u00fcvenli\u011fi ihlal bildirimi temel faaliyetlerimizin temel ta\u015flar\u0131n\u0131 olu\u015fturacakt\u0131r. Yap\u0131lan risk de\u011ferlendirmeleri sonucunda elde edilen a\u00e7\u0131kl\u0131klar ve tehditler bertaraf edilerek m\u00fc\u015fteri ve personelimizin bilgilerine g\u00fcvenli eri\u015fim sa\u011flanacakt\u0131r.<strong><\/strong><\/p>\n\n\n\n<p>Ayr\u0131ca risk de\u011ferlendirmeleri sonucunda ama\u00e7lar\u0131m\u0131z\u0131 belirleyip bu ama\u00e7lar\u0131m ba\u015far\u0131lmas\u0131 i\u00e7in gerekli olan kaynaklar ve \u015fartlar sa\u011flanacakt\u0131r.<\/p>\n\n\n\n<p>Bu politikay\u0131 ger\u00e7ekle\u015ftirmek i\u00e7in ba\u015fta \u00e7al\u0131\u015fanlar\u0131m\u0131z\u0131n Bilgi G\u00fcvenli\u011fi Y\u00f6netim Sistemi \u015fartlar\u0131n\u0131 \u00e7al\u0131\u015fma bi\u00e7imi haline getirmelerini beklemekteyiz. T\u00fcm personel ve belirli \u00fc\u00e7\u00fcnc\u00fc taraflar\u0131n Bilgi G\u00fcvenli\u011fi Y\u00f6netim Sistemi ile ilgili uygun e\u011fitimleri almas\u0131 sa\u011flanacakt\u0131r.<\/p>\n\n\n\n<p>Bilgi g\u00fcvenli\u011fi ile ilgili uygulanabilir \u015fartlar ve bu \u015fartlar\u0131n getirdi\u011fi f\u0131rsatlar ve gereklilikler yerine getirilecek ve bu \u015fartlar s\u00fcrekli iyile\u015ftirilecektir. Ayr\u0131ca firmam\u0131z\u0131n, personelimizin ve t\u00fcm ilgili taraflar\u0131n bu sisteme adaptasyonu sa\u011flanacakt\u0131r.<\/p>\n\n\n\n<p>Bilgi G\u00fcvenli\u011fi Politikam\u0131z y\u0131lda bir kez ya da firmam\u0131zla ilgili \u00f6nemli de\u011fi\u015fikliklerin olmas\u0131 durumunda uygunlu\u011funu, do\u011frulu\u011funu ve etkinli\u011fini sa\u011flamak i\u00e7in y\u00f6netim ve birim sorumlular\u0131n\u0131n kat\u0131l\u0131m\u0131yla g\u00f6zden ge\u00e7irilmekte ve g\u00fcncelli\u011fi sa\u011flanmaktad\u0131r.<em>&nbsp;&nbsp;&nbsp;&nbsp;<\/em><\/p>\n\n\n\n<p>&nbsp;<strong>GENEL M\u00dcD\u00dcR<\/strong><\/p>\n\n\n\n<p><\/p>\n\n\n\n<p><\/p>\n\n\n\n<p><em>\u00a0BGPOL-01 Yay\u0131n tarihi: 10.03.2025 Rev.Tarihi:- Rev.No:00\u00a0\u00a0\u00a0\u00a0\u00a0<\/em><\/p>","protected":false},"excerpt":{"rendered":"<p>B\u0130LG\u0130 G\u00dcVENL\u0130\u011e\u0130 POL\u0130T\u0130KASI Firmam\u0131z \u201c(B\u0130LG\u0130 TEKNOLOJ\u0130LER\u0130 S\u0130STEMLER\u0130N\u0130N SATI\u015eI&nbsp; , B\u0130LG\u0130 TEKNOLOJ\u0130LER\u0130 S\u0130STEMLER\u0130 EK\u0130PMANLARININ PROJELEND\u0130R\u0130LMES\u0130 UYGULANMASI , B\u0130L\u0130\u015e\u0130M S\u0130STEM\u0130 KURULUMU , B\u0130LG\u0130SAYAR YAZILIMLRININ VE B\u0130LG\u0130SAYAR \u00c7EVRE B\u0130R\u0130MLER\u0130 BAKIMI ONARIMI VE TOPTAN T\u0130CARET\u0130. .)\u201d alan\u0131nda hizmet vermektedir. Firmam\u0131z gizlilik, b\u00fct\u00fcnl\u00fck ve t\u00fcm fiziksel ve elektronik bilgi varl\u0131klar\u0131n\u0131 korumay\u0131 taahh\u00fct etmektedir. Bilgi ve bilgi g\u00fcvenli\u011fi gereksinimleri kurumsal hedeflerimiz [&hellip;]<\/p>\n","protected":false},"author":1,"featured_media":0,"parent":0,"menu_order":0,"comment_status":"closed","ping_status":"closed","template":"","meta":{"_themeisle_gutenberg_block_has_review":false,"footnotes":""},"class_list":["post-5928","page","type-page","status-publish","hentry"],"_links":{"self":[{"href":"https:\/\/eshbilisim.com\/en\/wp-json\/wp\/v2\/pages\/5928","targetHints":{"allow":["GET"]}}],"collection":[{"href":"https:\/\/eshbilisim.com\/en\/wp-json\/wp\/v2\/pages"}],"about":[{"href":"https:\/\/eshbilisim.com\/en\/wp-json\/wp\/v2\/types\/page"}],"author":[{"embeddable":true,"href":"https:\/\/eshbilisim.com\/en\/wp-json\/wp\/v2\/users\/1"}],"replies":[{"embeddable":true,"href":"https:\/\/eshbilisim.com\/en\/wp-json\/wp\/v2\/comments?post=5928"}],"version-history":[{"count":3,"href":"https:\/\/eshbilisim.com\/en\/wp-json\/wp\/v2\/pages\/5928\/revisions"}],"predecessor-version":[{"id":5931,"href":"https:\/\/eshbilisim.com\/en\/wp-json\/wp\/v2\/pages\/5928\/revisions\/5931"}],"wp:attachment":[{"href":"https:\/\/eshbilisim.com\/en\/wp-json\/wp\/v2\/media?parent=5928"}],"curies":[{"name":"wp","href":"https:\/\/api.w.org\/{rel}","templated":true}]}}