{"id":600,"date":"2017-02-02T12:27:56","date_gmt":"2017-02-02T12:27:56","guid":{"rendered":"http:\/\/test.kriesi.at\/enfold-2017\/?page_id=600"},"modified":"2025-02-27T14:43:55","modified_gmt":"2025-02-27T11:43:55","slug":"blog","status":"publish","type":"page","link":"https:\/\/eshbilisim.com\/en\/blog\/","title":{"rendered":"Blog"},"content":{"rendered":"<style type=\"text\/css\" data-created_by=\"avia_inline_auto\" id=\"style-css-av-12k688-853041f99fd221c2f83f654243cb4f7f\">\n.avia-section.av-12k688-853041f99fd221c2f83f654243cb4f7f{\nbackground-repeat:no-repeat;\nbackground-image:url(https:\/\/eshbilisim.com\/wp-content\/uploads\/2017\/02\/banner-news-alt.jpg);\nbackground-position:50% 0%;\nbackground-attachment:scroll;\n}\n.avia-section.av-12k688-853041f99fd221c2f83f654243cb4f7f .av-section-color-overlay{\nopacity:0.6;\nbackground-color:#000000;\n}\n<\/style>\n<div id='av_section_1'  class='avia-section av-12k688-853041f99fd221c2f83f654243cb4f7f main_color avia-section-huge avia-no-shadow  avia-builder-el-0  el_before_av_blog  avia-builder-el-first  avia-full-stretch avia-bg-style-scroll av-section-color-overlay-active container_wrap sidebar_right'  data-section-bg-repeat='stretch'><div class=\"av-section-color-overlay-wrap\"><div class=\"av-section-color-overlay\"><\/div><div class='container av-section-cont-open' ><main  role=\"main\" itemprop=\"mainContentOfPage\"  class='template-page content  av-content-small alpha units'><div class='post-entry post-entry-type-page post-entry-600'><div class='entry-content-wrapper clearfix'>\n\n<style type=\"text\/css\" data-created_by=\"avia_inline_auto\" id=\"style-css-av-yjmiw-268fb428de6a6743ccfdba66dc6c8bfb\">\n#top .av-special-heading.av-yjmiw-268fb428de6a6743ccfdba66dc6c8bfb{\npadding-bottom:0;\ncolor:#ffffff;\nfont-size:40px;\n}\nbody .av-special-heading.av-yjmiw-268fb428de6a6743ccfdba66dc6c8bfb .av-special-heading-tag .heading-char{\nfont-size:25px;\n}\n#top #wrap_all .av-special-heading.av-yjmiw-268fb428de6a6743ccfdba66dc6c8bfb .av-special-heading-tag{\nfont-size:40px;\n}\n.av-special-heading.av-yjmiw-268fb428de6a6743ccfdba66dc6c8bfb .special-heading-inner-border{\nborder-color:#ffffff;\n}\n.av-special-heading.av-yjmiw-268fb428de6a6743ccfdba66dc6c8bfb .av-subheading{\nfont-size:15px;\n}\n\n@media only screen and (min-width: 480px) and (max-width: 767px){ \n#top #wrap_all .av-special-heading.av-yjmiw-268fb428de6a6743ccfdba66dc6c8bfb .av-special-heading-tag{\nfont-size:0.8em;\n}\n}\n\n@media only screen and (max-width: 479px){ \n#top #wrap_all .av-special-heading.av-yjmiw-268fb428de6a6743ccfdba66dc6c8bfb .av-special-heading-tag{\nfont-size:0.8em;\n}\n}\n<\/style>\n<div  class='av-special-heading av-yjmiw-268fb428de6a6743ccfdba66dc6c8bfb av-special-heading-h1 custom-color-heading blockquote modern-quote modern-centered  avia-builder-el-1  avia-builder-el-no-sibling  av-inherit-size'><h1 class='av-special-heading-tag'  itemprop=\"headline\"  >Blog Posts <br \/><\/h1><div class=\"special-heading-border\"><div class=\"special-heading-inner-border\"><\/div><\/div><\/div>\n<\/div><\/div><\/main><!-- close content main element --><\/div><\/div><\/div><div id='after_section_1'  class='main_color av_default_container_wrap container_wrap sidebar_right'  ><div class='container av-section-cont-open' ><div class='template-page content  av-content-small alpha units'><div class='post-entry post-entry-type-page post-entry-600'><div class='entry-content-wrapper clearfix'><div  class='av-alb-blogposts template-blog  av-blog-meta-html-info-disabled'  itemscope=\"itemscope\" itemtype=\"https:\/\/schema.org\/Blog\" ><article class=\"post-entry post-entry-type-standard post-entry-1 post-loop-1 post-parity-odd post-entry-last single-big with-slider post-1 post type-post status-publish format-standard has-post-thumbnail hentry category-genel\"  itemscope=\"itemscope\" itemtype=\"https:\/\/schema.org\/BlogPosting\" ><div class=\"blog-meta\"><\/div><div class='entry-content-wrapper clearfix standard-content'><header class=\"entry-content-header\" aria-label=\"Post: IBM FlashSystem C200: Y\u00fcksek Kapasiteli ve Ekonomik Flash Depolama \u00c7\u00f6z\u00fcm\u00fc\"><div class=\"av-heading-wrapper\"><h2 class='post-title entry-title'  itemprop=\"headline\" ><a href=\"https:\/\/eshbilisim.com\/en\/2025\/03\/10\/merhaba-dunya\/\" rel=\"bookmark\" title=\"Permanent Link: IBM FlashSystem C200: Y\u00fcksek Kapasiteli ve Ekonomik Flash Depolama \u00c7\u00f6z\u00fcm\u00fc\">IBM FlashSystem C200: High-Capacity and Cost-Effective Flash Storage Solution<span class=\"post-format-icon minor-meta\"><\/span><\/a><\/h2><span class=\"blog-categories minor-meta\"><a href=\"https:\/\/eshbilisim.com\/en\/category\/genel\/\" rel=\"tag\">General<\/a><\/span><\/div><\/header><span class=\"av-vertical-delimiter\"><\/span><div class=\"big-preview single-big\"  itemprop=\"image\" itemscope=\"itemscope\" itemtype=\"https:\/\/schema.org\/ImageObject\" ><a href=\"https:\/\/eshbilisim.com\/en\/2025\/03\/10\/merhaba-dunya\/\"  title=\"image\" ><img decoding=\"async\" loading=\"lazy\" width=\"638\" height=\"321\" src=\"https:\/\/eshbilisim.com\/wp-content\/uploads\/2024\/10\/image-638x321.png\" class=\"wp-image-4478 avia-img-lazy-loading-4478 attachment-entry_with_sidebar size-entry_with_sidebar wp-post-image\" alt=\"\" \/><\/a><\/div><div class=\"entry-content\"  itemprop=\"text\" ><div class=\"read-more-link\"><a href=\"https:\/\/eshbilisim.com\/en\/2025\/03\/10\/merhaba-dunya\/\" class=\"more-link\">Read more<span class=\"more-link-arrow\"><\/span><\/a><\/div>\n<\/div><span class=\"post-meta-infos\"><time class=\"date-container minor-meta updated\"  itemprop=\"datePublished\" datetime=\"2025-03-10T09:36:55+03:00\" >10 March 2025<\/time><span class=\"text-sep\">\/<\/span><span class=\"blog-author minor-meta\">by <span class=\"entry-author-link\"  itemprop=\"author\" ><span class=\"author\"><span class=\"fn\"><a href=\"https:\/\/eshbilisim.com\/en\/author\/eshadmin\/\" title=\"Posts by eshadmin\" rel=\"author\">eshadmin<\/a><\/span><\/span><\/span><\/span><\/span><footer class=\"entry-footer\"><\/footer><div class='post_delimiter'><\/div><\/div><div class=\"post_author_timeline\"><\/div><span class='hidden'>\n\t\t\t\t<span class='av-structured-data'  itemprop=\"image\" itemscope=\"itemscope\" itemtype=\"https:\/\/schema.org\/ImageObject\" >\n\t\t\t\t\t\t<span itemprop='url'>https:\/\/eshbilisim.com\/wp-content\/uploads\/2024\/10\/image.png<\/span>\n\t\t\t\t\t\t<span itemprop='height'>478<\/span>\n\t\t\t\t\t\t<span itemprop='width'>638<\/span>\n\t\t\t\t<\/span>\n\t\t\t\t<span class='av-structured-data'  itemprop=\"publisher\" itemtype=\"https:\/\/schema.org\/Organization\" itemscope=\"itemscope\" >\n\t\t\t\t\t\t<span itemprop='name'>eshadmin<\/span>\n\t\t\t\t\t\t<span itemprop='logo' itemscope itemtype='https:\/\/schema.org\/ImageObject'>\n\t\t\t\t\t\t\t<span itemprop='url'>https:\/\/eshbilisim.com\/wp-content\/uploads\/2025\/02\/ESH-Logo-300x129.png<\/span>\n\t\t\t\t\t\t<\/span>\n\t\t\t\t<\/span><span class='av-structured-data'  itemprop=\"author\" itemscope=\"itemscope\" itemtype=\"https:\/\/schema.org\/Person\" ><span itemprop='name'>eshadmin<\/span><\/span><span class='av-structured-data'  itemprop=\"datePublished\" datetime=\"2025-03-10T09:36:55+03:00\" >2025-03-10 09:36:55<\/span><span class='av-structured-data'  itemprop=\"dateModified\" itemtype=\"https:\/\/schema.org\/dateModified\" >2025-03-10 09:36:56<\/span><span class='av-structured-data'  itemprop=\"mainEntityOfPage\" itemtype=\"https:\/\/schema.org\/mainEntityOfPage\" ><span itemprop='name'>IBM FlashSystem C200: High-Capacity and Cost-Effective Flash Storage Solution<\/span><\/span><\/span><\/article><\/div><\/p>\n<div  data-slideshow-options=\"{&quot;animation&quot;:&quot;fade&quot;,&quot;autoplay&quot;:false,&quot;loop_autoplay&quot;:&quot;once&quot;,&quot;interval&quot;:5,&quot;loop_manual&quot;:&quot;manual-endless&quot;,&quot;autoplay_stopper&quot;:false,&quot;noNavigation&quot;:false,&quot;show_slide_delay&quot;:90}\" class='avia-content-slider avia-content-grid-active avia-content-slider1 avia-content-slider-even  av-slideshow-ui av-control-default   av-no-slider-navigation av-slideshow-manual av-loop-once av-loop-manual-endless'  itemscope=\"itemscope\" itemtype=\"https:\/\/schema.org\/Blog\" ><div class=\"avia-content-slider-inner\"><div class=\"slide-entry-wrap\"><article class='slide-entry flex_column  post-entry post-entry-4584 slide-entry-overview slide-loop-1 slide-parity-odd  av_one_half first real-thumbnail posttype-post post-format-video'  itemscope=\"itemscope\" itemtype=\"https:\/\/schema.org\/BlogPosting\" itemprop=\"blogPost\" ><a href='https:\/\/eshbilisim.com\/en\/2025\/03\/10\/entry-with-post-format-video-2-2\/' data-rel='slide-1' class='slide-image' title='ESH Talks\u201925: Virtualization \u2013 Risks or Innovations? Comfort of the Familiar or Vision for the Future?'><img decoding=\"async\" fetchpriority=\"high\" width=\"495\" height=\"400\" src=\"https:\/\/eshbilisim.com\/wp-content\/uploads\/2025\/03\/Ekran-goruntusu-2025-03-10-092945-495x400.png\" class=\"wp-image-4586 avia-img-lazy-loading-not-4586 attachment-portfolio size-portfolio wp-post-image\" alt=\"\" \/><\/a><div class=\"slide-content\"><header class=\"entry-content-header\" aria-label=\"Slide: ESH Talks\u201925: Sanalla\u015ft\u0131rma: Riskler Mi, Yenilikler Mi? Al\u0131\u015f\u0131lm\u0131\u015f\u0131n Konforu Mu, Vizyon Mu?\"><h3 class='slide-entry-title entry-title'  itemprop=\"headline\" ><a href='https:\/\/eshbilisim.com\/en\/2025\/03\/10\/entry-with-post-format-video-2-2\/' title='ESH Talks\u201925: Virtualization \u2013 Risks or Innovations? Comfort of the Familiar or Vision for the Future?'>ESH Talks\u201925: Virtualization \u2013 Risks or Innovations? Comfort of the Familiar or Vision for the Future?<\/a><\/h3><span class=\"blog-categories minor-meta\"><a href=\"https:\/\/eshbilisim.com\/en\/category\/genel\/\" rel=\"tag\">General<\/a> <\/span><span class=\"av-vertical-delimiter\"><\/span><\/header><div class='slide-entry-excerpt entry-content'  itemprop=\"text\" >\n\n<\/div><\/div><footer class=\"entry-footer\"><div class=\"slide-meta\"><time class='slide-meta-time updated'  itemprop=\"datePublished\" datetime=\"2025-03-10T09:35:24+03:00\" >10 March 2025<\/time><\/div><\/footer><span class='hidden'>\n\t\t\t\t<span class='av-structured-data'  itemprop=\"image\" itemscope=\"itemscope\" itemtype=\"https:\/\/schema.org\/ImageObject\" >\n\t\t\t\t\t\t<span itemprop='url'>https:\/\/eshbilisim.com\/wp-content\/uploads\/2025\/03\/Ekran-goruntusu-2025-03-10-092945.png<\/span>\n\t\t\t\t\t\t<span itemprop='height'>627<\/span>\n\t\t\t\t\t\t<span itemprop='width'>918<\/span>\n\t\t\t\t<\/span>\n\t\t\t\t<span class='av-structured-data'  itemprop=\"publisher\" itemtype=\"https:\/\/schema.org\/Organization\" itemscope=\"itemscope\" >\n\t\t\t\t\t\t<span itemprop='name'>eshadmin<\/span>\n\t\t\t\t\t\t<span itemprop='logo' itemscope itemtype='https:\/\/schema.org\/ImageObject'>\n\t\t\t\t\t\t\t<span itemprop='url'>https:\/\/eshbilisim.com\/wp-content\/uploads\/2025\/02\/ESH-Logo-300x129.png<\/span>\n\t\t\t\t\t\t<\/span>\n\t\t\t\t<\/span><span class='av-structured-data'  itemprop=\"author\" itemscope=\"itemscope\" itemtype=\"https:\/\/schema.org\/Person\" ><span itemprop='name'>eshadmin<\/span><\/span><span class='av-structured-data'  itemprop=\"datePublished\" datetime=\"2025-03-10T09:36:55+03:00\" >2025-03-10 09:35:24<\/span><span class='av-structured-data'  itemprop=\"dateModified\" itemtype=\"https:\/\/schema.org\/dateModified\" >2025-03-10 09:35:25<\/span><span class='av-structured-data'  itemprop=\"mainEntityOfPage\" itemtype=\"https:\/\/schema.org\/mainEntityOfPage\" ><span itemprop='name'>ESH Talks\u201925: Virtualization \u2013 Risks or Innovations? Comfort of the Familiar or Vision for the Future?<\/span><\/span><\/span><\/article><article class='slide-entry flex_column  post-entry post-entry-4493 slide-entry-overview slide-loop-2 slide-parity-even  av_one_half  real-thumbnail posttype-post post-format-video'  itemscope=\"itemscope\" itemtype=\"https:\/\/schema.org\/BlogPosting\" itemprop=\"blogPost\" ><a href='https:\/\/eshbilisim.com\/en\/2025\/02\/27\/entry-with-post-format-video-2\/' data-rel='slide-1' class='slide-image' title='ESH TALKS&#8217;24: IBM Storage FlashSystem ile S\u00fcrd\u00fcr\u00fclebilirlik ve Veri Dayan\u0131kl\u0131l\u0131\u011f\u0131'><img decoding=\"async\" fetchpriority=\"high\" width=\"495\" height=\"400\" src=\"https:\/\/eshbilisim.com\/wp-content\/uploads\/2025\/02\/IBM-Storage-FlashSystem-Ile-Surdurebilirlik-ve-Veri-Dayanikliligi-495x400.png\" class=\"wp-image-4494 avia-img-lazy-loading-not-4494 attachment-portfolio size-portfolio wp-post-image\" alt=\"\" \/><\/a><div class=\"slide-content\"><header class=\"entry-content-header\" aria-label=\"Slide: ESH TALKS&#039;24: IBM Storage FlashSystem ile S\u00fcrd\u00fcr\u00fclebilirlik ve Veri Dayan\u0131kl\u0131l\u0131\u011f\u0131\"><h3 class='slide-entry-title entry-title'  itemprop=\"headline\" ><a href='https:\/\/eshbilisim.com\/en\/2025\/02\/27\/entry-with-post-format-video-2\/' title='ESH TALKS&#8217;24: IBM Storage FlashSystem ile S\u00fcrd\u00fcr\u00fclebilirlik ve Veri Dayan\u0131kl\u0131l\u0131\u011f\u0131'>ESH TALKS\u201924: Sustainability and Data Resilience with IBM Storage FlashSystem<\/a><\/h3><span class=\"blog-categories minor-meta\"><a href=\"https:\/\/eshbilisim.com\/en\/category\/genel\/\" rel=\"tag\">General<\/a> <\/span><span class=\"av-vertical-delimiter\"><\/span><\/header><div class='slide-entry-excerpt entry-content'  itemprop=\"text\" >\n\n<\/div><\/div><footer class=\"entry-footer\"><div class=\"slide-meta\"><time class='slide-meta-time updated'  itemprop=\"datePublished\" datetime=\"2025-02-27T12:20:40+03:00\" >27 February 2025<\/time><\/div><\/footer><span class='hidden'>\n\t\t\t\t<span class='av-structured-data'  itemprop=\"image\" itemscope=\"itemscope\" itemtype=\"https:\/\/schema.org\/ImageObject\" >\n\t\t\t\t\t\t<span itemprop='url'>https:\/\/eshbilisim.com\/wp-content\/uploads\/2025\/02\/IBM-Storage-FlashSystem-Ile-Surdurebilirlik-ve-Veri-Dayanikliligi.png<\/span>\n\t\t\t\t\t\t<span itemprop='height'>640<\/span>\n\t\t\t\t\t\t<span itemprop='width'>1011<\/span>\n\t\t\t\t<\/span>\n\t\t\t\t<span class='av-structured-data'  itemprop=\"publisher\" itemtype=\"https:\/\/schema.org\/Organization\" itemscope=\"itemscope\" >\n\t\t\t\t\t\t<span itemprop='name'>eshadmin<\/span>\n\t\t\t\t\t\t<span itemprop='logo' itemscope itemtype='https:\/\/schema.org\/ImageObject'>\n\t\t\t\t\t\t\t<span itemprop='url'>https:\/\/eshbilisim.com\/wp-content\/uploads\/2025\/02\/ESH-Logo-300x129.png<\/span>\n\t\t\t\t\t\t<\/span>\n\t\t\t\t<\/span><span class='av-structured-data'  itemprop=\"author\" itemscope=\"itemscope\" itemtype=\"https:\/\/schema.org\/Person\" ><span itemprop='name'>eshadmin<\/span><\/span><span class='av-structured-data'  itemprop=\"datePublished\" datetime=\"2025-03-10T09:36:55+03:00\" >2025-02-27 12:20:40<\/span><span class='av-structured-data'  itemprop=\"dateModified\" itemtype=\"https:\/\/schema.org\/dateModified\" >2025-02-27 12:23:17<\/span><span class='av-structured-data'  itemprop=\"mainEntityOfPage\" itemtype=\"https:\/\/schema.org\/mainEntityOfPage\" ><span itemprop='name'>ESH TALKS\u201924: Sustainability and Data Resilience with IBM Storage FlashSystem<\/span><\/span><\/span><\/article><\/div><div class=\"slide-entry-wrap\"><article class='slide-entry flex_column  post-entry post-entry-47 slide-entry-overview slide-loop-3 slide-parity-odd  post-entry-last  av_one_half first real-thumbnail posttype-post post-format-video'  itemscope=\"itemscope\" itemtype=\"https:\/\/schema.org\/BlogPosting\" itemprop=\"blogPost\" ><a href='https:\/\/eshbilisim.com\/en\/2025\/02\/03\/entry-with-post-format-video\/' data-rel='slide-1' class='slide-image' title='ESH Talks&#8217;24: IBM FlashSystem FCM ve Storage Defender Geli\u015fimi'><img decoding=\"async\" fetchpriority=\"high\" width=\"495\" height=\"400\" src=\"https:\/\/eshbilisim.com\/wp-content\/uploads\/2013\/12\/IBM-FlashSystem-FCM-ve-Storage-Defender-Gelisimi-495x400.png\" class=\"wp-image-4484 avia-img-lazy-loading-not-4484 attachment-portfolio size-portfolio wp-post-image\" alt=\"\" \/><\/a><div class=\"slide-content\"><header class=\"entry-content-header\" aria-label=\"Slide: ESH Talks&#039;24: IBM FlashSystem FCM ve Storage Defender Geli\u015fimi\"><h3 class='slide-entry-title entry-title'  itemprop=\"headline\" ><a href='https:\/\/eshbilisim.com\/en\/2025\/02\/03\/entry-with-post-format-video\/' title='ESH Talks&#8217;24: IBM FlashSystem FCM ve Storage Defender Geli\u015fimi'>ESH Talks\u201924: The Evolution of IBM FlashSystem FCM and Storage Defender<\/a><\/h3><span class=\"blog-categories minor-meta\"><a href=\"https:\/\/eshbilisim.com\/en\/category\/genel\/\" rel=\"tag\">General<\/a> <\/span><span class=\"av-vertical-delimiter\"><\/span><\/header><div class='slide-entry-excerpt entry-content'  itemprop=\"text\" >\n\n<\/div><\/div><footer class=\"entry-footer\"><div class=\"slide-meta\"><time class='slide-meta-time updated'  itemprop=\"datePublished\" datetime=\"2025-02-03T12:24:21+03:00\" >3 February 2025<\/time><\/div><\/footer><span class='hidden'>\n\t\t\t\t<span class='av-structured-data'  itemprop=\"image\" itemscope=\"itemscope\" itemtype=\"https:\/\/schema.org\/ImageObject\" >\n\t\t\t\t\t\t<span itemprop='url'>https:\/\/eshbilisim.com\/wp-content\/uploads\/2013\/12\/IBM-FlashSystem-FCM-ve-Storage-Defender-Gelisimi.png<\/span>\n\t\t\t\t\t\t<span itemprop='height'>673<\/span>\n\t\t\t\t\t\t<span itemprop='width'>861<\/span>\n\t\t\t\t<\/span>\n\t\t\t\t<span class='av-structured-data'  itemprop=\"publisher\" itemtype=\"https:\/\/schema.org\/Organization\" itemscope=\"itemscope\" >\n\t\t\t\t\t\t<span itemprop='name'>eshadmin<\/span>\n\t\t\t\t\t\t<span itemprop='logo' itemscope itemtype='https:\/\/schema.org\/ImageObject'>\n\t\t\t\t\t\t\t<span itemprop='url'>https:\/\/eshbilisim.com\/wp-content\/uploads\/2025\/02\/ESH-Logo-300x129.png<\/span>\n\t\t\t\t\t\t<\/span>\n\t\t\t\t<\/span><span class='av-structured-data'  itemprop=\"author\" itemscope=\"itemscope\" itemtype=\"https:\/\/schema.org\/Person\" ><span itemprop='name'>eshadmin<\/span><\/span><span class='av-structured-data'  itemprop=\"datePublished\" datetime=\"2025-03-10T09:36:55+03:00\" >2025-02-03 12:24:21<\/span><span class='av-structured-data'  itemprop=\"dateModified\" itemtype=\"https:\/\/schema.org\/dateModified\" >2025-02-27 12:24:23<\/span><span class='av-structured-data'  itemprop=\"mainEntityOfPage\" itemtype=\"https:\/\/schema.org\/mainEntityOfPage\" ><span itemprop='name'>ESH Talks\u201924: The Evolution of IBM FlashSystem FCM and Storage Defender<\/span><\/span><\/span><\/article><\/div><\/div><\/div>","protected":false},"excerpt":{"rendered":"","protected":false},"author":1,"featured_media":0,"parent":0,"menu_order":0,"comment_status":"closed","ping_status":"closed","template":"","meta":{"_themeisle_gutenberg_block_has_review":false,"footnotes":""},"class_list":["post-600","page","type-page","status-publish","hentry"],"_links":{"self":[{"href":"https:\/\/eshbilisim.com\/en\/wp-json\/wp\/v2\/pages\/600","targetHints":{"allow":["GET"]}}],"collection":[{"href":"https:\/\/eshbilisim.com\/en\/wp-json\/wp\/v2\/pages"}],"about":[{"href":"https:\/\/eshbilisim.com\/en\/wp-json\/wp\/v2\/types\/page"}],"author":[{"embeddable":true,"href":"https:\/\/eshbilisim.com\/en\/wp-json\/wp\/v2\/users\/1"}],"replies":[{"embeddable":true,"href":"https:\/\/eshbilisim.com\/en\/wp-json\/wp\/v2\/comments?post=600"}],"version-history":[{"count":3,"href":"https:\/\/eshbilisim.com\/en\/wp-json\/wp\/v2\/pages\/600\/revisions"}],"predecessor-version":[{"id":4395,"href":"https:\/\/eshbilisim.com\/en\/wp-json\/wp\/v2\/pages\/600\/revisions\/4395"}],"wp:attachment":[{"href":"https:\/\/eshbilisim.com\/en\/wp-json\/wp\/v2\/media?parent=600"}],"curies":[{"name":"wp","href":"https:\/\/api.w.org\/{rel}","templated":true}]}}