{"id":610,"date":"2017-02-02T12:28:56","date_gmt":"2017-02-02T12:28:56","guid":{"rendered":"http:\/\/test.kriesi.at\/enfold-2017\/?page_id=610"},"modified":"2025-02-27T10:12:41","modified_gmt":"2025-02-27T07:12:41","slug":"terms-of-service","status":"publish","type":"page","link":"https:\/\/eshbilisim.com\/en\/terms-of-service\/","title":{"rendered":"KVKK A\u00e7\u0131k R\u0131za Beyan\u0131"},"content":{"rendered":"<div id='av_section_1'  class='avia-section av-7joka-4916681ce5b12a0a18597de56b29986c main_color avia-section-large avia-no-border-styling  avia-builder-el-0  el_before_av_one_full  avia-builder-el-first  avia-bg-style-scroll container_wrap sidebar_right'  ><div class='container av-section-cont-open' ><main  role=\"main\" itemprop=\"mainContentOfPage\"  class='template-page content  av-content-small alpha units'><div class='post-entry post-entry-type-page post-entry-610'><div class='entry-content-wrapper clearfix'>\n\n<style type=\"text\/css\" data-created_by=\"avia_inline_auto\" id=\"style-css-av-1ya316-da66bb5f20fd8c247fa8de58b35183e8\">\n#top .av-special-heading.av-1ya316-da66bb5f20fd8c247fa8de58b35183e8{\npadding-bottom:20px;\nfont-size:40px;\n}\nbody .av-special-heading.av-1ya316-da66bb5f20fd8c247fa8de58b35183e8 .av-special-heading-tag .heading-char{\nfont-size:25px;\n}\n#top #wrap_all .av-special-heading.av-1ya316-da66bb5f20fd8c247fa8de58b35183e8 .av-special-heading-tag{\nfont-size:40px;\n}\n.av-special-heading.av-1ya316-da66bb5f20fd8c247fa8de58b35183e8 .av-subheading{\nfont-size:15px;\n}\n\n@media only screen and (min-width: 480px) and (max-width: 767px){ \n#top #wrap_all .av-special-heading.av-1ya316-da66bb5f20fd8c247fa8de58b35183e8 .av-special-heading-tag{\nfont-size:0.8em;\n}\n}\n\n@media only screen and (max-width: 479px){ \n#top #wrap_all .av-special-heading.av-1ya316-da66bb5f20fd8c247fa8de58b35183e8 .av-special-heading-tag{\nfont-size:0.8em;\n}\n}\n<\/style>\n<div  class='av-special-heading av-1ya316-da66bb5f20fd8c247fa8de58b35183e8 av-special-heading-h2 blockquote modern-quote  avia-builder-el-1  avia-builder-el-no-sibling  av-inherit-size'><h2 class='av-special-heading-tag'  itemprop=\"headline\"  >KVKK A\u00e7\u0131k R\u0131za Beyan\u0131<\/h2><div class=\"special-heading-border\"><div class=\"special-heading-inner-border\"><\/div><\/div><\/div>\n<\/div><\/div><\/main><!-- close content main element --><\/div><\/div><div id='after_section_1'  class='main_color av_default_container_wrap container_wrap sidebar_right'  ><div class='container av-section-cont-open' ><div class='template-page content  av-content-small alpha units'><div class='post-entry post-entry-type-page post-entry-610'><div class='entry-content-wrapper clearfix'><div  class='flex_column av-9j0gq-0e81f203df63e9f6098798e933705832 av_one_full  avia-builder-el-2  el_after_av_section  avia-builder-el-no-sibling  first flex_column_div'     ><section  class='av_textblock_section av-m7n0a85l-cd4dc4b50f0de3a607b4c5dc4e60caf4'   itemscope=\"itemscope\" itemtype=\"https:\/\/schema.org\/CreativeWork\" ><div class='avia_textblock'  itemprop=\"text\" ><h2>K\u0130\u015e\u0130SEL VER\u0130LER\u0130N KORUNMASI KANUNU KAPSAMINDAN A\u00c7IK RIZA BEYANI<\/h2>\n<p>ESH Bili\u015fim \u00a0A.\u015e.\u00a0(\u2018\u2018\u015eirket\u2019\u2019) taraf\u0131ndan, 6698 Say\u0131l\u0131 Ki\u015fisel Verilerin Korunmas\u0131 Kanunu\u2019nun (\u201cKVK Kanunu\u201d) ilgili h\u00fck\u00fcmlerine uygun olarak bilginize sunulan Ki\u015fisel Verilerin Korunmas\u0131 Kanunu Kapsam\u0131nda Genel\u00a0Ayd\u0131nlatma Metni\u00a0ve\u00a0<strong>\u015eirket<\/strong>\u00a0Ki\u015fisel Verilerin Korunmas\u0131 ve \u0130\u015flenmesi Y\u00f6netmeli\u011fi \u00e7er\u00e7evesinde,<\/p>\n<p>Ki\u015fisel verilerinin\u00a0veri sorumlusu\u00a0s\u0131fat\u0131yla\u00a0<strong>\u015eirket<\/strong>\u00a0veya gerekli g\u00fcvenlik tedbirlerini ald\u0131rmak suretiyle yetkilendirdi\u011fi veri i\u015fleyenler taraf\u0131ndan;\u00a0<strong>\u015eirket<\/strong>\u2019in m\u00fc\u015fterilerine sunmu\u015f oldu\u011fu \u00fcr\u00fcn ve hizmetlerini en iyi ko\u015fullar alt\u0131nda sa\u011flayabilmesi, \u00fcr\u00fcn veya hizmetlerin g\u00fcvenilir ve kesintisiz bir \u015fekilde temin edilmesi, m\u00fc\u015fteri memnuniyetinin en \u00fcst seviyeye \u00e7\u0131kar\u0131lmas\u0131, \u00f6demelerin yap\u0131lmas\u0131, mevcut hizmetlere ili\u015fkin \u00e7e\u015fitli i\u015flemlerin yerine getirilmesi, operasyonlar\u0131n y\u00fcr\u00fct\u00fclmesi ve geli\u015ftirilmesi, mevcut \u00fcr\u00fcn ve hizmetlerin veya farkl\u0131 \u00fcr\u00fcn ve hizmetlerin tan\u0131t\u0131m,\u00a0pazarlama, reklam ve kampanya faaliyetlerinin yap\u0131lmas\u0131, m\u00fc\u015fterilerin f\u0131rsatlardan, kampanyalardan ve sair hizmetlerden haber dar edilmesi ve m\u00fc\u015fterilerle akdedilen s\u00f6zle\u015fmelerin gereklerinin yerine getirilmesi ama\u00e7lar\u0131yla do\u011frudan veya dolayl\u0131 olarak ilgili olan kimlik bilgilerinin, adres bilgilerinin, ileti\u015fim bilgilerinin ve sair ki\u015fisel verilerin; ba\u015fta mevzuatta \u00f6ng\u00f6r\u00fclen veya i\u015flendikleri ama\u00e7 i\u00e7in gerekli olan s\u00fcre kadar muhafaza edilme ilkesi olmak \u00fczere 6698 Say\u0131l\u0131 Ki\u015fisel Verilerin Korunmas\u0131 Kanunu\u2019nun (\u201cKVK Kanunu\u201d) 4. maddesinde ifade edilen genel ilkelere uygun \u015fekilde i\u015flenebilece\u011fini; elde edilebilece\u011fini, kaydedilebilece\u011fini, i\u015flenme amac\u0131yla uygun s\u00fcre zarf\u0131nda fiziksel veya elektronik ortamda g\u00fcvenli bir \u015fekilde depolanabilece\u011fini, muhafaza edilebilece\u011fini, de\u011fi\u015ftirilebilece\u011fini, yeniden d\u00fczenlenebilece\u011fini, mevzuata uygun bi\u00e7imde a\u00e7\u0131klanabilece\u011fini ve aktar\u0131labilece\u011fini, devral\u0131nabilece\u011fini, s\u0131n\u0131fland\u0131r\u0131labilece\u011fini, i\u015flenebilece\u011fini ya da verilerin kullan\u0131lmas\u0131n\u0131n engellenebilece\u011fini; yukar\u0131da belirtilen hususlarla ilgili olarak \u015eirket taraf\u0131ndan bilgilendirildi\u011fimi ve KVK Kanunu \u00e7er\u00e7evesinde a\u00e7\u0131k r\u0131zam bulundu\u011funu kabul ve beyan ederim.<\/p>\n<p>\u0130\u015fbu ki\u015fisel verilerimin, yukar\u0131da belirtilen ama\u00e7larla ba\u011fl\u0131 kalmak kayd\u0131yla, \u015eirket taraf\u0131ndan;\u00a0<strong>\u015eirket<\/strong>\u00a0\u00e7al\u0131\u015fanlar\u0131na, g\u00f6revlilerine, grup \u015firketlerine (\u015eirket ve\/veya i\u015f ortaklar\u0131na, hissedarlar\u0131na), kanunen yetkili kamu kurum ve kurulu\u015flar\u0131na, faaliyetlerini y\u00fcr\u00fctebilmek amac\u0131yla, hukuki zorunluluklar ve yasal s\u0131n\u0131rlamalar \u00e7er\u00e7evesinde ba\u011f\u0131ms\u0131z denetim \u015firketlerine,\u00a0anket\u00a0\u015firketlerine, taraf\u0131ma verilecek hizmetlerin ve\/veya faaliyetlerin y\u00fcr\u00fct\u00fclmesi i\u00e7in\u00a0<strong>\u015eirket<\/strong>\u2019in hizmet ald\u0131\u011f\u0131 veya birlikte \u00e7al\u0131\u015ft\u0131\u011f\u0131 i\u015f ortaklar\u0131na ve hizmet sa\u011flay\u0131c\u0131lar\u0131na aktar\u0131labilece\u011fini ve bu hususta a\u00e7\u0131k r\u0131zam oldu\u011funu kabul ve beyan ederim.<\/p>\n<p>Bununla birlikte, KVK Kanunu\u2019nun 11. maddesi ve ilgili mevzuat uyar\u0131nca; \u015eirkete ba\u015fvurarak kendimle ilgili; ki\u015fisel veri i\u015flenip i\u015flenmedi\u011fini \u00f6\u011frenme, ki\u015fisel verilerim i\u015flenmi\u015fse buna ili\u015fkin bilgi\u00a0talep\u00a0etme, ki\u015fisel verilerimin i\u015flenme amac\u0131n\u0131 ve bunlar\u0131n amac\u0131na uygun kullan\u0131l\u0131p kullan\u0131lmad\u0131\u011f\u0131n\u0131 \u00f6\u011frenme, yurt i\u00e7inde veya yurt d\u0131\u015f\u0131nda ki\u015fisel verilerin aktar\u0131ld\u0131\u011f\u0131 \u00fc\u00e7\u00fcnc\u00fc ki\u015fileri bilme, ki\u015fisel verilerin eksik veya yanl\u0131\u015f i\u015flenmi\u015f olmas\u0131 h\u00e2linde bunlar\u0131n d\u00fczeltilmesini isteme, i\u015fbu verilerin i\u015flenmesini gerektiren sebeplerin ortadan kalkmas\u0131 h\u00e2linde ki\u015fisel verilerimin silinmesini veya yok edilmesini isteme, bu d\u00fczeltme ve silinme taleplerinin ki\u015fisel verilerin aktar\u0131ld\u0131\u011f\u0131 \u00fc\u00e7\u00fcnc\u00fc ki\u015filere bildirilmesini isteme, i\u015flenen verilerin m\u00fcnhas\u0131ran otomatik sistemler vas\u0131tas\u0131yla analiz edilmesi suretiyle kendi aleyhime bir sonucun ortaya \u00e7\u0131kmas\u0131na itiraz etme, ki\u015fisel verilerimin kanuna ayk\u0131r\u0131 olarak i\u015flenmesi sebebiyle zarara u\u011framas\u0131 h\u00e2linde zarar\u0131n giderilmesini\u00a0talep\u00a0etme haklar\u0131m\u0131n oldu\u011funu ve bu haklar\u0131 kullanmak i\u00e7in kimli\u011fimi tespit edici gerekli bilgiler ile kullanmay\u0131\u00a0talep\u00a0etti\u011fim hakk\u0131ma y\u00f6nelik a\u00e7\u0131klamalar\u0131 da i\u00e7eren talebimi\u00a0<strong>www.Eshbilisim.com<\/strong>\u00a0adresindeki formu doldurarak ve formun imzal\u0131 bir n\u00fcshas\u0131n\u0131\u00a0Fatih Sultan Mehmet Mah. Poligon Cd. Buyaka 2 Sitesi Kule:3 Kat:6 \u00dcmraniye \/\u00a0<strong>\u0130STANBUL\u00a0adresinde<\/strong>\u00a0bulunan\u00a0<strong>\u015eirket<\/strong>\u00a0M\u00fcd\u00fcrl\u00fc\u011f\u00fc\u2019ne kimli\u011fimi tespit edici belgeler ile bizzat elden iletme yahut noter kanal\u0131yla veya KVK Kanunu\u2019nda belirtilen di\u011fer y\u00f6ntemler ile iletme hakk\u0131na sahip oldu\u011fumu kabul ediyorum.<\/p>\n<p>Ayr\u0131ca,\u00a0<strong>\u015eirket<\/strong>\u00a0ile payla\u015fm\u0131\u015f oldu\u011fum ki\u015fisel verilerin do\u011fru ve g\u00fcncel oldu\u011funu; i\u015fbu bilgilerde de\u011fi\u015fiklik olmas\u0131 halinde de\u011fi\u015fiklikleri\u00a0<strong>\u015eirkete<\/strong>\u00a0bildirece\u011fimi kabul ve beyan ederim.<\/p>\n<p>KVKK Kanunu\u2019nda tan\u0131mlanan \u00f6zel nitelikli ki\u015fisel verilerim de dahil olmak \u00fczere ilgili ki\u015fisel verilerimin i\u015flenmesine, ilgili s\u00fcre\u00e7 kapsam\u0131nda i\u015flenme amac\u0131 ile s\u0131n\u0131rl\u0131 olmak \u00fczere kullan\u0131lmas\u0131na ve payla\u015f\u0131lmas\u0131na, gereken s\u00fcre zarf\u0131nda saklanmas\u0131na a\u00e7\u0131k r\u0131zam oldu\u011funu ve bu hususta taraf\u0131ma gerekli ayd\u0131nlatman\u0131n yap\u0131ld\u0131\u011f\u0131n\u0131; i\u015fbu metni,\u00a0<strong>\u015eirket\u00a0<\/strong>Ki\u015fisel Verilerin Korunmas\u0131 ve \u0130\u015flenmesi Y\u00f6netmeli\u011fini ve\u00a0<strong>Ayd\u0131nlatma Metnini\u00a0<\/strong>okudu\u011fumu ve anlad\u0131\u011f\u0131m\u0131 kabul ediyorum.<\/p>\n<\/div><\/section><\/div><\/p>","protected":false},"excerpt":{"rendered":"","protected":false},"author":1,"featured_media":0,"parent":0,"menu_order":0,"comment_status":"closed","ping_status":"closed","template":"","meta":{"_themeisle_gutenberg_block_has_review":false,"footnotes":""},"class_list":["post-610","page","type-page","status-publish","hentry"],"_links":{"self":[{"href":"https:\/\/eshbilisim.com\/en\/wp-json\/wp\/v2\/pages\/610","targetHints":{"allow":["GET"]}}],"collection":[{"href":"https:\/\/eshbilisim.com\/en\/wp-json\/wp\/v2\/pages"}],"about":[{"href":"https:\/\/eshbilisim.com\/en\/wp-json\/wp\/v2\/types\/page"}],"author":[{"embeddable":true,"href":"https:\/\/eshbilisim.com\/en\/wp-json\/wp\/v2\/users\/1"}],"replies":[{"embeddable":true,"href":"https:\/\/eshbilisim.com\/en\/wp-json\/wp\/v2\/comments?post=610"}],"version-history":[{"count":2,"href":"https:\/\/eshbilisim.com\/en\/wp-json\/wp\/v2\/pages\/610\/revisions"}],"predecessor-version":[{"id":4449,"href":"https:\/\/eshbilisim.com\/en\/wp-json\/wp\/v2\/pages\/610\/revisions\/4449"}],"wp:attachment":[{"href":"https:\/\/eshbilisim.com\/en\/wp-json\/wp\/v2\/media?parent=610"}],"curies":[{"name":"wp","href":"https:\/\/api.w.org\/{rel}","templated":true}]}}